{"id":1211,"date":"2025-12-19T11:14:57","date_gmt":"2025-12-19T11:14:57","guid":{"rendered":"https:\/\/www.minerviart.com\/unkategorisiert\/personalizzazioni-su-misura\/"},"modified":"2026-03-04T14:54:33","modified_gmt":"2026-03-04T13:54:33","slug":"personalisierunge-massanfertigungen","status":"publish","type":"product","link":"https:\/\/www.minerviart.com\/de\/personalisierunge-massanfertigungen\/","title":{"rendered":"Individualanfertigungen &#038; Ma\u00dfanfertigungen"},"content":{"rendered":"","protected":false},"excerpt":{"rendered":"<p>Objekte, die nach den Bed\u00fcrfnissen des Kunden entworfen und gefertigt werden.<\/p>\n","protected":false},"featured_media":0,"template":"","meta":[],"product_brand":[],"product_cat":[46],"product_tag":[64],"class_list":{"0":"post-1211","1":"product","2":"type-product","3":"status-publish","5":"product_cat-kollektionen","6":"product_tag-pers-misura-de","8":"first","9":"instock","10":"shipping-taxable","11":"product-type-simple"},"yoast_head":"<!-- This site is optimized with the Yoast SEO plugin v27.1.1 - https:\/\/yoast.com\/product\/yoast-seo-wordpress\/ -->\n<title>Personalisierungen und Ma\u00dfanfertigungen | Minervia Art<\/title>\n<meta name=\"description\" content=\"Objekte, die nach Ma\u00df f\u00fcr den Kunden gefertigt, prototypisiert und in Metall 3D-gedruckt werden.\" \/>\n<meta name=\"robots\" content=\"index, follow, max-snippet:-1, max-image-preview:large, max-video-preview:-1\" \/>\n<link rel=\"canonical\" href=\"https:\/\/www.minerviart.com\/de\/personalisierunge-massanfertigungen\/\" \/>\n<meta property=\"og:locale\" content=\"de_DE\" \/>\n<meta property=\"og:type\" content=\"article\" \/>\n<meta property=\"og:title\" content=\"Personalisierungen und Ma\u00dfanfertigungen | Minervia Art\" \/>\n<meta property=\"og:description\" content=\"Objekte, die nach Ma\u00df f\u00fcr den Kunden gefertigt, prototypisiert und in Metall 3D-gedruckt werden.\" \/>\n<meta property=\"og:url\" content=\"https:\/\/www.minerviart.com\/de\/personalisierunge-massanfertigungen\/\" \/>\n<meta property=\"og:site_name\" content=\"Minervia Art\" \/>\n<meta property=\"article:modified_time\" content=\"2026-03-04T13:54:33+00:00\" \/>\n<meta name=\"twitter:card\" content=\"summary_large_image\" \/>\n<script type=\"application\/ld+json\" class=\"yoast-schema-graph\">{\"@context\":\"https:\/\/schema.org\",\"@graph\":[{\"@type\":\"WebPage\",\"@id\":\"https:\/\/www.minerviart.com\/de\/personalisierunge-massanfertigungen\/\",\"url\":\"https:\/\/www.minerviart.com\/de\/personalisierunge-massanfertigungen\/\",\"name\":\"Personalisierungen und Ma\u00dfanfertigungen | Minervia Art\",\"isPartOf\":{\"@id\":\"https:\/\/www.minerviart.com\/de\/#website\"},\"datePublished\":\"2025-12-19T11:14:57+00:00\",\"dateModified\":\"2026-03-04T13:54:33+00:00\",\"description\":\"Objekte, die nach Ma\u00df f\u00fcr den Kunden gefertigt, prototypisiert und in Metall 3D-gedruckt werden.\",\"breadcrumb\":{\"@id\":\"https:\/\/www.minerviart.com\/de\/personalisierunge-massanfertigungen\/#breadcrumb\"},\"inLanguage\":\"de\",\"potentialAction\":[{\"@type\":\"ReadAction\",\"target\":[\"https:\/\/www.minerviart.com\/de\/personalisierunge-massanfertigungen\/\"]}]},{\"@type\":\"BreadcrumbList\",\"@id\":\"https:\/\/www.minerviart.com\/de\/personalisierunge-massanfertigungen\/#breadcrumb\",\"itemListElement\":[{\"@type\":\"ListItem\",\"position\":1,\"name\":\"Home\",\"item\":\"https:\/\/www.minerviart.com\/de\/\"},{\"@type\":\"ListItem\",\"position\":2,\"name\":\"Collezioni &#8211; DE\",\"item\":\"https:\/\/www.minerviart.com\/de\/alle-kollektionen\/\"},{\"@type\":\"ListItem\",\"position\":3,\"name\":\"Individualanfertigungen &#038; Ma\u00dfanfertigungen\"}]},{\"@type\":\"WebSite\",\"@id\":\"https:\/\/www.minerviart.com\/de\/#website\",\"url\":\"https:\/\/www.minerviart.com\/de\/\",\"name\":\"Minervia Art\",\"description\":\"\",\"publisher\":{\"@id\":\"https:\/\/www.minerviart.com\/de\/#organization\"},\"potentialAction\":[{\"@type\":\"SearchAction\",\"target\":{\"@type\":\"EntryPoint\",\"urlTemplate\":\"https:\/\/www.minerviart.com\/de\/?s={search_term_string}\"},\"query-input\":{\"@type\":\"PropertyValueSpecification\",\"valueRequired\":true,\"valueName\":\"search_term_string\"}}],\"inLanguage\":\"de\"},{\"@type\":\"Organization\",\"@id\":\"https:\/\/www.minerviart.com\/de\/#organization\",\"name\":\"Minervia Art\",\"url\":\"https:\/\/www.minerviart.com\/de\/\",\"logo\":{\"@type\":\"ImageObject\",\"inLanguage\":\"de\",\"@id\":\"https:\/\/www.minerviart.com\/de\/#\/schema\/logo\/image\/\",\"url\":\"https:\/\/www.minerviart.com\/wp-content\/uploads\/2025\/12\/minerviart.svg\",\"contentUrl\":\"https:\/\/www.minerviart.com\/wp-content\/uploads\/2025\/12\/minerviart.svg\",\"width\":800,\"height\":742,\"caption\":\"Minervia Art\"},\"image\":{\"@id\":\"https:\/\/www.minerviart.com\/de\/#\/schema\/logo\/image\/\"}}]}<\/script>\n<!-- \/ Yoast SEO plugin. -->","yoast_head_json":{"title":"Personalisierungen und Ma\u00dfanfertigungen | Minervia Art","description":"Objekte, die nach Ma\u00df f\u00fcr den Kunden gefertigt, prototypisiert und in Metall 3D-gedruckt werden.","robots":{"index":"index","follow":"follow","max-snippet":"max-snippet:-1","max-image-preview":"max-image-preview:large","max-video-preview":"max-video-preview:-1"},"canonical":"https:\/\/www.minerviart.com\/de\/personalisierunge-massanfertigungen\/","og_locale":"de_DE","og_type":"article","og_title":"Personalisierungen und Ma\u00dfanfertigungen | Minervia Art","og_description":"Objekte, die nach Ma\u00df f\u00fcr den Kunden gefertigt, prototypisiert und in Metall 3D-gedruckt werden.","og_url":"https:\/\/www.minerviart.com\/de\/personalisierunge-massanfertigungen\/","og_site_name":"Minervia Art","article_modified_time":"2026-03-04T13:54:33+00:00","twitter_card":"summary_large_image","schema":{"@context":"https:\/\/schema.org","@graph":[{"@type":"WebPage","@id":"https:\/\/www.minerviart.com\/de\/personalisierunge-massanfertigungen\/","url":"https:\/\/www.minerviart.com\/de\/personalisierunge-massanfertigungen\/","name":"Personalisierungen und Ma\u00dfanfertigungen | Minervia Art","isPartOf":{"@id":"https:\/\/www.minerviart.com\/de\/#website"},"datePublished":"2025-12-19T11:14:57+00:00","dateModified":"2026-03-04T13:54:33+00:00","description":"Objekte, die nach Ma\u00df f\u00fcr den Kunden gefertigt, prototypisiert und in Metall 3D-gedruckt werden.","breadcrumb":{"@id":"https:\/\/www.minerviart.com\/de\/personalisierunge-massanfertigungen\/#breadcrumb"},"inLanguage":"de","potentialAction":[{"@type":"ReadAction","target":["https:\/\/www.minerviart.com\/de\/personalisierunge-massanfertigungen\/"]}]},{"@type":"BreadcrumbList","@id":"https:\/\/www.minerviart.com\/de\/personalisierunge-massanfertigungen\/#breadcrumb","itemListElement":[{"@type":"ListItem","position":1,"name":"Home","item":"https:\/\/www.minerviart.com\/de\/"},{"@type":"ListItem","position":2,"name":"Collezioni &#8211; DE","item":"https:\/\/www.minerviart.com\/de\/alle-kollektionen\/"},{"@type":"ListItem","position":3,"name":"Individualanfertigungen &#038; Ma\u00dfanfertigungen"}]},{"@type":"WebSite","@id":"https:\/\/www.minerviart.com\/de\/#website","url":"https:\/\/www.minerviart.com\/de\/","name":"Minervia Art","description":"","publisher":{"@id":"https:\/\/www.minerviart.com\/de\/#organization"},"potentialAction":[{"@type":"SearchAction","target":{"@type":"EntryPoint","urlTemplate":"https:\/\/www.minerviart.com\/de\/?s={search_term_string}"},"query-input":{"@type":"PropertyValueSpecification","valueRequired":true,"valueName":"search_term_string"}}],"inLanguage":"de"},{"@type":"Organization","@id":"https:\/\/www.minerviart.com\/de\/#organization","name":"Minervia Art","url":"https:\/\/www.minerviart.com\/de\/","logo":{"@type":"ImageObject","inLanguage":"de","@id":"https:\/\/www.minerviart.com\/de\/#\/schema\/logo\/image\/","url":"https:\/\/www.minerviart.com\/wp-content\/uploads\/2025\/12\/minerviart.svg","contentUrl":"https:\/\/www.minerviart.com\/wp-content\/uploads\/2025\/12\/minerviart.svg","width":800,"height":742,"caption":"Minervia Art"},"image":{"@id":"https:\/\/www.minerviart.com\/de\/#\/schema\/logo\/image\/"}}]}},"_links":{"self":[{"href":"https:\/\/www.minerviart.com\/de\/wp-json\/wp\/v2\/product\/1211","targetHints":{"allow":["GET"]}}],"collection":[{"href":"https:\/\/www.minerviart.com\/de\/wp-json\/wp\/v2\/product"}],"about":[{"href":"https:\/\/www.minerviart.com\/de\/wp-json\/wp\/v2\/types\/product"}],"wp:attachment":[{"href":"https:\/\/www.minerviart.com\/de\/wp-json\/wp\/v2\/media?parent=1211"}],"wp:term":[{"taxonomy":"product_brand","embeddable":true,"href":"https:\/\/www.minerviart.com\/de\/wp-json\/wp\/v2\/product_brand?post=1211"},{"taxonomy":"product_cat","embeddable":true,"href":"https:\/\/www.minerviart.com\/de\/wp-json\/wp\/v2\/product_cat?post=1211"},{"taxonomy":"product_tag","embeddable":true,"href":"https:\/\/www.minerviart.com\/de\/wp-json\/wp\/v2\/product_tag?post=1211"}],"curies":[{"name":"wp","href":"https:\/\/api.w.org\/{rel}","templated":true}]}}