{"id":1592,"date":"2025-12-19T09:27:48","date_gmt":"2025-12-19T08:27:48","guid":{"rendered":"https:\/\/www.minerviart.com\/privacy-policy\/"},"modified":"2026-03-04T14:26:08","modified_gmt":"2026-03-04T13:26:08","slug":"privacy-policy","status":"publish","type":"page","link":"https:\/\/www.minerviart.com\/de\/privacy-policy\/","title":{"rendered":"Privacy Policy"},"content":{"rendered":"\t\t<div data-elementor-type=\"wp-page\" data-elementor-id=\"1592\" class=\"elementor elementor-1592 elementor-3\" data-elementor-post-type=\"page\">\n\t\t\t\t<div class=\"elementor-element elementor-element-6c78d12 e-flex e-con-boxed e-con e-parent\" data-id=\"6c78d12\" data-element_type=\"container\" data-e-type=\"container\" data-settings=\"{&quot;background_background&quot;:&quot;classic&quot;}\">\n\t\t\t\t\t<div class=\"e-con-inner\">\n\t\t\t\t<div class=\"elementor-element elementor-element-e343012 elementor-widget elementor-widget-heading\" data-id=\"e343012\" data-element_type=\"widget\" data-e-type=\"widget\" data-widget_type=\"heading.default\">\n\t\t\t\t\t<h1 class=\"elementor-heading-title elementor-size-default\">PRIVACY POLICY<\/h1>\t\t\t\t<\/div>\n\t\t\t\t<div class=\"elementor-element elementor-element-507f361 pmb elementor-widget elementor-widget-text-editor\" data-id=\"507f361\" data-element_type=\"widget\" data-e-type=\"widget\" data-widget_type=\"text-editor.default\">\n\t\t\t\t\t\t\t\t\t<!DOCTYPE html>\n<html lang=\"de\">\n<head>\n  <meta charset=\"UTF-8\">\n  <title>Datenschutzerkl\u00e4rung &#8211; Deutsch<\/title>\n<\/head>\n<body>\n\n<p>In \u00dcbereinstimmung mit der Europ\u00e4ischen Datenschutz-Grundverordnung Nr. 679\/2016 (DSGVO) beschreibt diese Datenschutzerkl\u00e4rung die Art und Weise, wie die von Nicola Stabile, Via Guarino SNC 84030 San Pietro Al Tanagro (SA), USt-IdNr. 06346870659, erhobenen personenbezogenen Daten infolge der Konsultation und Interaktion mit der Website minerviart.com verwendet werden.<\/p>\n\n<p>Diese Erkl\u00e4rung soll dem Nutzer maximale Transparenz \u00fcber die Verarbeitung seiner Daten und deren Schutz durch die geltende Rechtsordnung bieten.<\/p>\n\n<p>Bei Fragen zum Datenschutz oder zur Aus\u00fcbung der eigenen Rechte bez\u00fcglich der eigenen Daten gem\u00e4\u00df Art. 15 ff. DSGVO k\u00f6nnen Sie sich an Np Italian Srl wenden und eine E-Mail an info@minerviart.com senden.<\/p>\n\n<p>Ihre Einwilligung gilt f\u00fcr folgende Websites: minerviart.com.<\/p>\n\n<p>Diese Datenschutzerkl\u00e4rung wurde zuletzt am 10. Januar 2026 aktualisiert.<\/p>\n\n<ol>\n  <li><strong>Verantwortlicher f\u00fcr die Datenverarbeitung<\/strong><\/li>\n<\/ol>\nDer Verantwortliche f\u00fcr die Datenverarbeitung, nachfolgend als \u201eVerantwortlicher&#8220; bezeichnet, ist Nicola Stabile mit Sitz in Via Guarino SNC 84030 San Pietro Al Tanagro.\n\n<ol start=\"2\">\n  <li><strong>Personenbezogene Daten, die wir erheben<\/strong><\/li>\n<\/ol>\nWir erheben Informationen zu personenbezogenen Daten, die gem\u00e4\u00df Art. 4 der DSGVO (EU\/2016\/679) definiert werden als \u201ealle Informationen, die sich auf eine identifizierte oder identifizierbare nat\u00fcrliche Person beziehen (&#8218;betroffene Person&#8216;); als identifizierbar wird eine nat\u00fcrliche Person angesehen, die direkt oder indirekt, insbesondere mittels Zuordnung zu einer Kennung wie einem Namen, zu einer Kennnummer, zu Standortdaten, zu einer Online-Kennung oder zu einem oder mehreren besonderen Merkmalen, die Ausdruck der physischen, physiologischen, genetischen, psychischen, wirtschaftlichen, kulturellen oder sozialen Identit\u00e4t dieser nat\u00fcrlichen Person sind, identifiziert werden kann&#8220;.\n\nWir erheben Daten der folgenden Kategorien:\n\n<strong>Daten, die Sie uns direkt mitteilen<\/strong>: alle Daten, die uns vom Nutzer durch eine beliebige Form der Kommunikation \u00fcbermittelt werden, einschlie\u00dflich der Ausf\u00fcllung von Online-Formularen auf den Seiten dieser Website oder der \u00dcbersendung von Daten per E-Mail an die auf dieser Website ver\u00f6ffentlichten E-Mail-Adressen.\n\n<strong>Automatisch erhobene Daten<\/strong>: Ab dem Zeitpunkt Ihres Besuchs auf dieser Website erfassen und speichern wir automatisch Informationen zu Ihrer Navigation, wie besuchte Seiten, die Dauer der Besuche und Interaktionen mit den auf der Website vorhandenen Inhalten. Durch den Einsatz von Cookies und anderen Identifikationstools k\u00f6nnen wir Informationen \u00fcber Ihr Surfverhalten erhalten.\n\n<strong>Zwecke der Erhebung<\/strong>\n\n<strong>Kauf von Produkten und Dienstleistungen<\/strong>: Um die von dieser Website erbrachten Dienste in Anspruch nehmen zu k\u00f6nnen, kann es erforderlich sein, personenbezogene Daten wie Vorname, Nachname, Lieferadresse, Rechnungsadresse, E-Mail-Adresse und Telefonnummer anzugeben.\n\n<strong>Kontaktanfragen und Kommunikation mit dem Nutzer<\/strong>: zur Kommunikation mit Ihnen bez\u00fcglich der von dieser Website erbrachten Dienste oder spezifischer Kontaktanfragen, die durch das Ausf\u00fcllen der Kontaktformulare auf den Webseiten der Website oder per E-Mail, Telefon oder Chat erfolgen k\u00f6nnen.\n\n<strong>Zwecke, f\u00fcr die wir Ihre Einwilligung einholen<\/strong>: Wir k\u00f6nnen Ihre Einwilligung zur Verarbeitung bestimmter personenbezogener Daten, die Sie uns mitgeteilt haben, f\u00fcr spezifische Zwecke einholen, die wir Ihnen mitteilen werden. Sie k\u00f6nnen Ihre Einwilligung zur Verarbeitung Ihrer Daten f\u00fcr die jeweiligen Zwecke jederzeit widerrufen, indem Sie auf das Verwaltungspanel Ihres Kontos auf dieser Website zugreifen, mit den Anmeldedaten, die Ihnen bei der Registrierung mitgeteilt wurden.\n\nWir erheben auch aggregierte Daten wie statistische und demografische Daten. Solche aggregierten Daten k\u00f6nnen aus den personenbezogenen Daten des Nutzers abgeleitet werden, obwohl sie gem\u00e4\u00df den Vorschriften nicht als personenbezogene Daten gelten, da sie weder direkt noch indirekt die Identit\u00e4t des Nutzers erkennen lassen. Dennoch werden Daten, die aus der Kombination von aggregierten Daten mit den personenbezogenen Daten des Nutzers entstehen und diesen direkt oder indirekt identifizieren k\u00f6nnten, in \u00dcbereinstimmung mit den neuen Datenschutzvorschriften verarbeitet.\n\n<strong>Personenbezogene Daten, die wir nicht erheben<\/strong>\n\nWir erheben keine sensiblen Daten, d. h. \u201epersonenbezogene Daten, aus denen die rassische und ethnische Herkunft, politische Meinungen, religi\u00f6se oder weltanschauliche \u00dcberzeugungen oder die Gewerkschaftszugeh\u00f6rigkeit hervorgehen, sowie genetische Daten, biometrische Daten zur eindeutigen Identifizierung einer nat\u00fcrlichen Person, Gesundheitsdaten oder Daten zum Sexualleben oder der sexuellen Orientierung einer nat\u00fcrlichen Person&#8220;, gem\u00e4\u00df Artikel 9 der DSGVO.\n\nWir erheben keine Justizdaten, d. h. personenbezogene Daten aus dem Strafregister, dem Register der verwaltungsrechtlichen Sanktionen aufgrund von Straftaten und den damit verbundenen anh\u00e4ngigen Verfahren.\n\n<ol start=\"3\">\n  <li><strong>Von Dritten erhobene personenbezogene Daten<\/strong><\/li>\n<\/ol>\nUm das Surferlebnis auf der Website zu verbessern und die vollst\u00e4ndige Bereitstellung der verf\u00fcgbaren Dienste zu erm\u00f6glichen, erheben wir einige Nutzerdaten durch den Einsatz von Drittanbieter-Tools.\n\n<strong>Informationen zur Nutzung der Website<\/strong>: Durch den Einsatz des Google Analytics-Dienstes erfassen wir automatisch anonyme Statistiken, um das Surferlebnis der Website zu verbessern, indem wir die Inhalte interessanter und st\u00e4rker auf die Interessen der Nutzer ausgerichtet gestalten. Diese Cookies erfassen in anonymer Form Daten \u00fcber die Aktivit\u00e4ten der Besucher und die Verkehrsquellen. Die verwendeten Cookies k\u00f6nnen von der Website selbst oder von Drittanbieter-Websites gesendet werden.\n\n<a href=\"https:\/\/policies.google.com\/technologies\/partner-sites?hl=de\">Besuchen Sie diesen Link f\u00fcr weitere Informationen zur Nutzung von Informationen durch Google, die von Apps oder Websites bereitgestellt werden, die seine Dienste nutzen.<\/a>\n\n<strong>Informationen zur Zahlungsabwicklung<\/strong>: Durch den Einsatz des PayPal-Dienstes erm\u00f6glichen wir Nutzern die Durchf\u00fchrung von Transaktionen zum Kauf der von der Website angebotenen Produkte und Dienstleistungen. Zahlungsdaten werden von PayPal erhoben. Wir erheben oder speichern keine Informationen zu den zur Abwicklung der genannten Zahlungen verwendeten Karten. Daten f\u00fcr Zahlungen \u00fcber PayPal werden von dieser Website nicht verarbeitet. Einige der PayPal-Dienste k\u00f6nnen die \u00dcbersendung von Mitteilungen an den Nutzer erm\u00f6glichen, wie z. B. E-Mails mit Rechnungen oder anderen zahlungsbezogenen Informationen.\n\nUnter folgenden Adressen:\n\n<a href=\"https:\/\/www.paypal.com\/en\/webapps\/mpp\/ua\/privacy-full\">https:\/\/www.paypal.com\/en\/webapps\/mpp\/ua\/privacy-full<\/a>\n\n<a href=\"https:\/\/www.paypal.com\/privacy\">https:\/\/www.paypal.com\/privacy<\/a>\n\nfinden Sie weitere Informationen zu den Datenschutzrichtlinien von PayPal.\n\n<ol start=\"4\">\n  <li><strong>Zwecke der Erhebung Ihrer personenbezogenen Daten<\/strong><\/li>\n<\/ol>\nDie folgende Tabelle veranschaulicht die Mittel, \u00fcber die wir personenbezogene Daten der Nutzer erheben k\u00f6nnen, sowie die jeweiligen Zwecke der Erhebung.\n\nDurch das Ausf\u00fcllen von Formularen auf der Website k\u00f6nnen wir Daten f\u00fcr folgende Zwecke erheben:\n<ul>\n  <li>Registrierung zur Inanspruchnahme der von dieser Website erbrachten Dienste<\/li>\n  <li>Datenerhebung f\u00fcr Kontaktanfragen und\/oder Informationsanfragen zu den erbrachten Diensten<\/li>\n  <li>Datenerhebung f\u00fcr den Empfang kommerzieller und\/oder informativer Mitteilungen per E-Mail oder Telefon<\/li>\n  <li>Verwaltungs- und Buchhaltungszwecke f\u00fcr Zahlungen<\/li>\n<\/ul>\n\n<ol start=\"5\">\n  <li><strong>Personenbezogene Daten, auf die Sie zugreifen k\u00f6nnen<\/strong><\/li>\n<\/ol>\nSie k\u00f6nnen jederzeit die personenbezogenen Daten einsehen, die Sie bei der Registrierung auf der Website angegeben haben, indem Sie sich im Verwaltungspanel Ihres pers\u00f6nlichen Kontos auf der Website einloggen.\n\n<ol start=\"6\">\n  <li><strong>L\u00f6schung personenbezogener Daten<\/strong><\/li>\n<\/ol>\n\u00dcber das Kontoverwaltungspanel k\u00f6nnen Sie jederzeit Ihre Registrierung auf der Website widerrufen und damit Ihre Einwilligung zur Verarbeitung Ihrer personenbezogenen Daten zur\u00fcckziehen. Durch eine Mitteilung an den Inhaber der Website, dessen Kontaktdaten im ersten Abschnitt dieses Dokuments angegeben sind, k\u00f6nnen Sie die L\u00f6schung anderer personenbezogener Daten beantragen, die der Website auf andere Weise als durch das Ausf\u00fcllen des Registrierungsformulars mitgeteilt wurden.\n\n<ol start=\"7\">\n  <li><strong>Aufbewahrung personenbezogener Daten<\/strong><\/li>\n<\/ol>\nPersonenbezogene Daten werden innerhalb der gesetzlich vorgesehenen Grenzen verwendet; sie werden \u201ein einer Form gespeichert, die die Identifizierung der betroffenen Personen nur so lange erm\u00f6glicht, wie es f\u00fcr die Zwecke, f\u00fcr die sie verarbeitet werden, erforderlich ist; personenbezogene Daten d\u00fcrfen l\u00e4nger gespeichert werden, soweit die personenbezogenen Daten vorbehaltlich der Durchf\u00fchrung geeigneter technischer und organisatorischer Ma\u00dfnahmen, die von dieser Verordnung zum Schutz der Rechte und Freiheiten der betroffenen Person gefordert werden, ausschlie\u00dflich f\u00fcr im \u00f6ffentlichen Interesse liegende Archivzwecke oder f\u00fcr wissenschaftliche und historische Forschungszwecke oder f\u00fcr statistische Zwecke gem\u00e4\u00df Artikel 89 Absatz 1 DSGVO verarbeitet werden (&#8218;Speicherbegrenzung&#8216;, Art. 5, Buchstabe e DSGVO)&#8220;.\n\n<ol start=\"8\">\n  <li><strong>Minderj\u00e4hrige unter 18 Jahren<\/strong><\/li>\n<\/ol>\nDie personenbezogenen Daten von Minderj\u00e4hrigen unter 18 Jahren werden nicht ohne vorherige Genehmigung des \u201eInhabers der elterlichen Verantwortung&#8220; verarbeitet, wie in Artikel 8 der DSGVO vorgesehen.\n\n<ol start=\"9\">\n  <li><strong>Wie k\u00f6nnen Sie die erteilte Einwilligung widerrufen?<\/strong><\/li>\n<\/ol>\nWie in Artikel 7 Absatz 3 der DSGVO vorgesehen, hat die betroffene Person durch den Zugriff auf die Datenschutzrichtlinien-Seite \u201edas Recht, ihre Einwilligung jederzeit zu widerrufen. Der Widerruf der Einwilligung ber\u00fchrt nicht die Rechtm\u00e4\u00dfigkeit der aufgrund der Einwilligung bis zum Widerruf erfolgten Verarbeitung. Die betroffene Person wird vor der Erteilung der Einwilligung hiervon in Kenntnis gesetzt. Der Widerruf der Einwilligung muss so einfach wie die Erteilung der Einwilligung sein&#8220;. Was die bei der Registrierung eines neuen Kontos auf der Website erteilte Einwilligung zur Datenverarbeitung betrifft, kann diese durch die K\u00fcndigung des Abonnements der Website und die L\u00f6schung des eigenen Kontos \u00fcber das Verwaltungspanel im Kontoverwaltungsbereich widerrufen werden.\n\n<ol start=\"10\">\n  <li><strong>Was sind die Rechte der betroffenen Person?<\/strong><\/li>\n<\/ol>\nDie betroffene Person kann jederzeit ihre Rechte gem\u00e4\u00df der Europ\u00e4ischen Verordnung geltend machen.\n\nInsbesondere k\u00f6nnen Sie:\n<ul>\n  <li>Die L\u00f6schung der Sie betreffenden Daten beantragen.<\/li>\n  <li>Eine Einschr\u00e4nkung der Datenverarbeitung beantragen.<\/li>\n  <li>Die Berichtigung Ihrer personenbezogenen Daten beantragen und das Recht auf Daten\u00fcbertragbarkeit aus\u00fcben.<\/li>\n  <li>Der Verarbeitung Ihrer personenbezogenen Daten in besonderen Situationen gem\u00e4\u00df Art. 21 DSGVO widersprechen.<\/li>\n  <li>Eine Best\u00e4tigung \u00fcber die etwaige Verarbeitung Ihrer personenbezogenen Daten durch den Verantwortlichen erhalten.<\/li>\n<\/ul>\n\nUm Ihre Rechte aus\u00fcben zu k\u00f6nnen, k\u00f6nnen Sie sich an den Inhaber der Website wenden, dessen Kontaktdaten am Anfang dieser Seite angegeben sind, und Ihrer Anfrage eine Kopie eines Ausweisdokuments beif\u00fcgen.\n\nWenn Sie der Ansicht sind, dass die Verarbeitung Ihrer Daten nicht den Vorgaben der geltenden Datenschutzvorschriften entspricht, k\u00f6nnen Sie sich gem\u00e4\u00df Artikel 77 an die zust\u00e4ndige Aufsichtsbeh\u00f6rde (Garante per la Protezione dei Dati Personali \u2013 Italienische Datenschutzbeh\u00f6rde) wenden.\n\n<\/body>\n<\/html>\t\t\t\t\t\t\t\t<\/div>\n\t\t\t\t\t<\/div>\n\t\t\t\t<\/div>\n\t\t\t\t<\/div>\n\t\t","protected":false},"excerpt":{"rendered":"<p>PRIVACY POLICY Datenschutzerkl\u00e4rung &#8211; Deutsch In \u00dcbereinstimmung mit der Europ\u00e4ischen Datenschutz-Grundverordnung Nr. 679\/2016 (DSGVO) beschreibt diese Datenschutzerkl\u00e4rung die Art und Weise, wie die von Nicola Stabile, Via Guarino SNC 84030 San Pietro Al Tanagro (SA), USt-IdNr. 06346870659, erhobenen personenbezogenen Daten infolge der Konsultation und Interaktion mit der Website minerviart.com verwendet werden. Diese Erkl\u00e4rung soll dem [&hellip;]<\/p>\n","protected":false},"author":1,"featured_media":0,"parent":0,"menu_order":0,"comment_status":"closed","ping_status":"closed","template":"","meta":{"footnotes":""},"class_list":["post-1592","page","type-page","status-publish","hentry"],"yoast_head":"<!-- This site is optimized with the Yoast SEO plugin v27.1.1 - https:\/\/yoast.com\/product\/yoast-seo-wordpress\/ -->\n<title>Privacy Policy | Minervia Art<\/title>\n<meta name=\"robots\" content=\"index, follow, max-snippet:-1, max-image-preview:large, max-video-preview:-1\" \/>\n<link rel=\"canonical\" href=\"https:\/\/www.minerviart.com\/de\/privacy-policy\/\" \/>\n<meta property=\"og:locale\" content=\"de_DE\" \/>\n<meta property=\"og:type\" content=\"article\" \/>\n<meta property=\"og:title\" content=\"Privacy Policy | Minervia Art\" \/>\n<meta property=\"og:description\" content=\"PRIVACY POLICY Datenschutzerkl\u00e4rung &#8211; Deutsch In \u00dcbereinstimmung mit der Europ\u00e4ischen Datenschutz-Grundverordnung Nr. 679\/2016 (DSGVO) beschreibt diese Datenschutzerkl\u00e4rung die Art und Weise, wie die von Nicola Stabile, Via Guarino SNC 84030 San Pietro Al Tanagro (SA), USt-IdNr. 06346870659, erhobenen personenbezogenen Daten infolge der Konsultation und Interaktion mit der Website minerviart.com verwendet werden. Diese Erkl\u00e4rung soll dem [&hellip;]\" \/>\n<meta property=\"og:url\" content=\"https:\/\/www.minerviart.com\/de\/privacy-policy\/\" \/>\n<meta property=\"og:site_name\" content=\"Minervia Art\" \/>\n<meta property=\"article:modified_time\" content=\"2026-03-04T13:26:08+00:00\" \/>\n<meta name=\"twitter:card\" content=\"summary_large_image\" \/>\n<meta name=\"twitter:label1\" content=\"Gesch\u00e4tzte Lesezeit\" \/>\n\t<meta name=\"twitter:data1\" content=\"8\u00a0Minuten\" \/>\n<script type=\"application\/ld+json\" class=\"yoast-schema-graph\">{\"@context\":\"https:\/\/schema.org\",\"@graph\":[{\"@type\":\"WebPage\",\"@id\":\"https:\/\/www.minerviart.com\/de\/privacy-policy\/\",\"url\":\"https:\/\/www.minerviart.com\/de\/privacy-policy\/\",\"name\":\"Privacy Policy | Minervia Art\",\"isPartOf\":{\"@id\":\"https:\/\/www.minerviart.com\/de\/#website\"},\"datePublished\":\"2025-12-19T08:27:48+00:00\",\"dateModified\":\"2026-03-04T13:26:08+00:00\",\"breadcrumb\":{\"@id\":\"https:\/\/www.minerviart.com\/de\/privacy-policy\/#breadcrumb\"},\"inLanguage\":\"de\",\"potentialAction\":[{\"@type\":\"ReadAction\",\"target\":[\"https:\/\/www.minerviart.com\/de\/privacy-policy\/\"]}]},{\"@type\":\"BreadcrumbList\",\"@id\":\"https:\/\/www.minerviart.com\/de\/privacy-policy\/#breadcrumb\",\"itemListElement\":[{\"@type\":\"ListItem\",\"position\":1,\"name\":\"Home\",\"item\":\"https:\/\/www.minerviart.com\/de\/\"},{\"@type\":\"ListItem\",\"position\":2,\"name\":\"Privacy Policy\"}]},{\"@type\":\"WebSite\",\"@id\":\"https:\/\/www.minerviart.com\/de\/#website\",\"url\":\"https:\/\/www.minerviart.com\/de\/\",\"name\":\"Minervia Art\",\"description\":\"\",\"publisher\":{\"@id\":\"https:\/\/www.minerviart.com\/de\/#organization\"},\"potentialAction\":[{\"@type\":\"SearchAction\",\"target\":{\"@type\":\"EntryPoint\",\"urlTemplate\":\"https:\/\/www.minerviart.com\/de\/?s={search_term_string}\"},\"query-input\":{\"@type\":\"PropertyValueSpecification\",\"valueRequired\":true,\"valueName\":\"search_term_string\"}}],\"inLanguage\":\"de\"},{\"@type\":\"Organization\",\"@id\":\"https:\/\/www.minerviart.com\/de\/#organization\",\"name\":\"Minervia Art\",\"url\":\"https:\/\/www.minerviart.com\/de\/\",\"logo\":{\"@type\":\"ImageObject\",\"inLanguage\":\"de\",\"@id\":\"https:\/\/www.minerviart.com\/de\/#\/schema\/logo\/image\/\",\"url\":\"https:\/\/www.minerviart.com\/wp-content\/uploads\/2025\/12\/minerviart.svg\",\"contentUrl\":\"https:\/\/www.minerviart.com\/wp-content\/uploads\/2025\/12\/minerviart.svg\",\"width\":800,\"height\":742,\"caption\":\"Minervia Art\"},\"image\":{\"@id\":\"https:\/\/www.minerviart.com\/de\/#\/schema\/logo\/image\/\"}}]}<\/script>\n<!-- \/ Yoast SEO plugin. -->","yoast_head_json":{"title":"Privacy Policy | Minervia Art","robots":{"index":"index","follow":"follow","max-snippet":"max-snippet:-1","max-image-preview":"max-image-preview:large","max-video-preview":"max-video-preview:-1"},"canonical":"https:\/\/www.minerviart.com\/de\/privacy-policy\/","og_locale":"de_DE","og_type":"article","og_title":"Privacy Policy | Minervia Art","og_description":"PRIVACY POLICY Datenschutzerkl\u00e4rung &#8211; Deutsch In \u00dcbereinstimmung mit der Europ\u00e4ischen Datenschutz-Grundverordnung Nr. 679\/2016 (DSGVO) beschreibt diese Datenschutzerkl\u00e4rung die Art und Weise, wie die von Nicola Stabile, Via Guarino SNC 84030 San Pietro Al Tanagro (SA), USt-IdNr. 06346870659, erhobenen personenbezogenen Daten infolge der Konsultation und Interaktion mit der Website minerviart.com verwendet werden. Diese Erkl\u00e4rung soll dem [&hellip;]","og_url":"https:\/\/www.minerviart.com\/de\/privacy-policy\/","og_site_name":"Minervia Art","article_modified_time":"2026-03-04T13:26:08+00:00","twitter_card":"summary_large_image","twitter_misc":{"Gesch\u00e4tzte Lesezeit":"8\u00a0Minuten"},"schema":{"@context":"https:\/\/schema.org","@graph":[{"@type":"WebPage","@id":"https:\/\/www.minerviart.com\/de\/privacy-policy\/","url":"https:\/\/www.minerviart.com\/de\/privacy-policy\/","name":"Privacy Policy | Minervia Art","isPartOf":{"@id":"https:\/\/www.minerviart.com\/de\/#website"},"datePublished":"2025-12-19T08:27:48+00:00","dateModified":"2026-03-04T13:26:08+00:00","breadcrumb":{"@id":"https:\/\/www.minerviart.com\/de\/privacy-policy\/#breadcrumb"},"inLanguage":"de","potentialAction":[{"@type":"ReadAction","target":["https:\/\/www.minerviart.com\/de\/privacy-policy\/"]}]},{"@type":"BreadcrumbList","@id":"https:\/\/www.minerviart.com\/de\/privacy-policy\/#breadcrumb","itemListElement":[{"@type":"ListItem","position":1,"name":"Home","item":"https:\/\/www.minerviart.com\/de\/"},{"@type":"ListItem","position":2,"name":"Privacy Policy"}]},{"@type":"WebSite","@id":"https:\/\/www.minerviart.com\/de\/#website","url":"https:\/\/www.minerviart.com\/de\/","name":"Minervia Art","description":"","publisher":{"@id":"https:\/\/www.minerviart.com\/de\/#organization"},"potentialAction":[{"@type":"SearchAction","target":{"@type":"EntryPoint","urlTemplate":"https:\/\/www.minerviart.com\/de\/?s={search_term_string}"},"query-input":{"@type":"PropertyValueSpecification","valueRequired":true,"valueName":"search_term_string"}}],"inLanguage":"de"},{"@type":"Organization","@id":"https:\/\/www.minerviart.com\/de\/#organization","name":"Minervia Art","url":"https:\/\/www.minerviart.com\/de\/","logo":{"@type":"ImageObject","inLanguage":"de","@id":"https:\/\/www.minerviart.com\/de\/#\/schema\/logo\/image\/","url":"https:\/\/www.minerviart.com\/wp-content\/uploads\/2025\/12\/minerviart.svg","contentUrl":"https:\/\/www.minerviart.com\/wp-content\/uploads\/2025\/12\/minerviart.svg","width":800,"height":742,"caption":"Minervia Art"},"image":{"@id":"https:\/\/www.minerviart.com\/de\/#\/schema\/logo\/image\/"}}]}},"_links":{"self":[{"href":"https:\/\/www.minerviart.com\/de\/wp-json\/wp\/v2\/pages\/1592","targetHints":{"allow":["GET"]}}],"collection":[{"href":"https:\/\/www.minerviart.com\/de\/wp-json\/wp\/v2\/pages"}],"about":[{"href":"https:\/\/www.minerviart.com\/de\/wp-json\/wp\/v2\/types\/page"}],"author":[{"embeddable":true,"href":"https:\/\/www.minerviart.com\/de\/wp-json\/wp\/v2\/users\/1"}],"replies":[{"embeddable":true,"href":"https:\/\/www.minerviart.com\/de\/wp-json\/wp\/v2\/comments?post=1592"}],"version-history":[{"count":3,"href":"https:\/\/www.minerviart.com\/de\/wp-json\/wp\/v2\/pages\/1592\/revisions"}],"predecessor-version":[{"id":1598,"href":"https:\/\/www.minerviart.com\/de\/wp-json\/wp\/v2\/pages\/1592\/revisions\/1598"}],"wp:attachment":[{"href":"https:\/\/www.minerviart.com\/de\/wp-json\/wp\/v2\/media?parent=1592"}],"curies":[{"name":"wp","href":"https:\/\/api.w.org\/{rel}","templated":true}]}}