{"id":1570,"date":"2026-01-08T14:39:31","date_gmt":"2026-01-08T13:39:31","guid":{"rendered":"https:\/\/www.minerviart.com\/cookie-policy\/"},"modified":"2026-03-04T14:21:27","modified_gmt":"2026-03-04T13:21:27","slug":"cookie-policy","status":"publish","type":"page","link":"https:\/\/www.minerviart.com\/de\/cookie-policy\/","title":{"rendered":"Cookie Policy"},"content":{"rendered":"\t\t<div data-elementor-type=\"wp-page\" data-elementor-id=\"1570\" class=\"elementor elementor-1570 elementor-740\" data-elementor-post-type=\"page\">\n\t\t\t\t<div class=\"elementor-element elementor-element-5400ebd e-flex e-con-boxed e-con e-parent\" data-id=\"5400ebd\" data-element_type=\"container\" data-e-type=\"container\" data-settings=\"{&quot;background_background&quot;:&quot;classic&quot;}\">\n\t\t\t\t\t<div class=\"e-con-inner\">\n\t\t\t\t<div class=\"elementor-element elementor-element-d5dfac8 elementor-widget elementor-widget-heading\" data-id=\"d5dfac8\" data-element_type=\"widget\" data-e-type=\"widget\" data-widget_type=\"heading.default\">\n\t\t\t\t\t<h1 class=\"elementor-heading-title elementor-size-default\">COOKIE POLICY<\/h1>\t\t\t\t<\/div>\n\t\t\t\t<div class=\"elementor-element elementor-element-8af18c1 pmb elementor-widget elementor-widget-text-editor\" data-id=\"8af18c1\" data-element_type=\"widget\" data-e-type=\"widget\" data-widget_type=\"text-editor.default\">\n\t\t\t\t\t\t\t\t\t<!DOCTYPE html>\n<html lang=\"de\">\n<head>\n  <meta charset=\"UTF-8\">\n  <title>Cookie-Richtlinie &#8211; Deutsch<\/title>\n<\/head>\n<body>\n\n<p>Diese Website www.minerviart.com verwendet Cookies der auf dieser Seite beschriebenen Arten und zu den dort genannten Zwecken. Je nach den verwendeten und aktiven Cookies kann die Website automatisch personenbezogene Daten und technische Daten \u00fcber die Besucher erfassen. Bitte beachten Sie, dass die Erfassung technischer Cookies und analytischer Cookies automatisch erfolgt und Ihre Einwilligung nicht erforderlich ist.<\/p>\n\n<p>Der Inhaber dieser Website, <strong>Np Italian Srl<\/strong>, Via Guarino SNC 84030 San Pietro Al Tanagro (SA), USt-IdNr. 06346870659, verwendet Cookies gem\u00e4\u00df der Datenschutzrichtlinie der Website selbst.<\/p>\n\n<strong>Allgemeine Informationen<\/strong>\n<ol>\n  <li><strong>Was sind Cookies?<\/strong> Es handelt sich um kleine Textdateien, die von der Website an das Ger\u00e4t des Nutzers gesendet werden, wo sie gespeichert werden, damit sie beim n\u00e4chsten Besuch desselben Nutzers wieder an die Website \u00fcbertragen werden k\u00f6nnen. Cookies werden bei Besuchen auf Websites generiert und k\u00f6nnen verschiedenen Zwecken dienen, unter anderem der Verbesserung des Surferlebnisses der Nutzer und der effizienten Bereitstellung des Dienstes durch das Computersystem. Das Deaktivieren von Cookies k\u00f6nnte das ordnungsgem\u00e4\u00dfe Funktionieren der Website beeintr\u00e4chtigen. In Cookies gespeicherte Informationen k\u00f6nnen bei sp\u00e4teren Besuchen von der Website wiederverwendet werden. Cookies k\u00f6nnen auf den Ger\u00e4ten gespeichert werden, die der Besucher zum Surfen auf der Website verwendet; in diesem Fall haben sie eine variable Laufzeit und werden als \u201epersistente Cookies&#8220; bezeichnet. Einige Cookies k\u00f6nnen automatisch beim Schlie\u00dfen des Webbrowsers gel\u00f6scht werden oder haben unabh\u00e4ngig davon eine begrenzte Laufzeit; in diesem Fall werden sie als \u201eSitzungs-Cookies&#8220; bezeichnet. Cookies k\u00f6nnen von der besuchten Website (Erstanbieter-Cookies) oder von anderen Websites (Drittanbieter-Cookies) installiert werden.\n  Cookies k\u00f6nnen keine anderen Daten von der Festplatte des Nutzers erfassen und auch keine Computerviren \u00fcbertragen. Die Speicherdauer von Cookies richtet sich nach dem Bedarf und betr\u00e4gt in der Regel einige Stunden bis mehrere Jahre. Im Falle von Profiling-Cookies darf die Dauer jedoch 365 Kalendertage nicht \u00fcberschreiten.\n  Jedes Cookie ist eine einzigartige Datei f\u00fcr den Webbrowser des Besuchers. Sein Einsatz ist f\u00fcr verschiedene Zwecke konzipiert; Cookies haben daher unterschiedliche Eigenschaften und werden sowohl vom Inhaber der besuchten Website als auch von Dritten genutzt.\n  In dieser Richtlinie bezeichnet der Begriff \u201eCookie&#8220; sowohl eigentliche Cookies als auch alle \u00e4hnlichen Technologien. Dieses Dokument enth\u00e4lt Informationen zu den \u00fcber diese Website implementierten Cookies sowie n\u00fctzliche Hinweise zu deren Verwaltung.\n  Die Verwendung von Cookies durch den Inhaber der Website ist Teil seiner Datenschutzrichtlinie. Cookies werden verwendet, um das Surferlebnis einfacher und effektiver zu gestalten.<\/li>\n\n  <li><strong>Cookie-Typen.<\/strong> Eine erste Unterscheidung bei Cookies betrifft ihre Eigenschaft als Erst- oder Drittanbieter-Cookies. Erstanbieter-Cookies sind Cookies, die die Website als Domain angeben, w\u00e4hrend Drittanbieter-Cookies externe Domains betreffen. Es ist auch auf das Vorhandensein von \u201eFlash-Cookies&#8220; (Local Shared Objects) hinzuweisen, die in Adobe Flash Player verwendet werden, um bestimmte Inhalte wie Videoelemente bereitzustellen. Dies sind Cookies, mit denen die Einstellungen des Nutzers gespeichert werden k\u00f6nnen. Obwohl sie auf dem Ger\u00e4t des Nutzers gespeichert werden, werden Flash-Cookies \u00fcber eine andere Schnittstelle als den Webbrowser verwaltet.\n    <ol>\n      <li><strong>Technische Cookies.<\/strong> Hierbei handelt es sich um Cookies, die ausschlie\u00dflich verwendet werden, um \u201edie \u00dcbertragung einer Nachricht \u00fcber ein elektronisches Kommunikationsnetz durchzuf\u00fchren oder soweit dies unbedingt erforderlich ist, damit der Anbieter eines Dienstes der Informationsgesellschaft, der vom Teilnehmer oder Nutzer ausdr\u00fccklich angefordert wurde, diesen Dienst erbringen kann&#8220; (vgl. Art. 122 Abs. 1 des Datenschutzgesetzes). Technische Cookies werden in der Regel vom Inhaber oder Betreiber der Website installiert, ohne dass die Einwilligung des Nutzers erforderlich ist.\n      Zu den technischen Cookies z\u00e4hlen wir:\n        <ul>\n          <li><strong>Navigations- oder Sitzungs-Cookies.<\/strong> Diese Dateien gew\u00e4hrleisten die Navigation und Nutzung der Website und sind au\u00dferdem unerl\u00e4sslich, um die Funktionen der Website vollst\u00e4ndig nutzen zu k\u00f6nnen.<\/li>\n          <li><strong>Analytische Cookies.<\/strong> Diese werden den technischen Cookies zugeordnet, wenn sie direkt vom Website-Betreiber verwendet werden, um aggregierte Informationen \u00fcber die Anzahl der Besucher und deren Navigationsverhalten zu erhalten. Ihr Einsatz wurde eingef\u00fchrt, um die Leistung der Website zu verbessern.<\/li>\n        <\/ul>\n      <\/li>\n      <li>Hier ist die Liste der auf unserer Website vorhandenen analytischen Cookies:\n        <strong>Google Analytics<\/strong>: Dies ist ein von Google bereitgestellter Web-Analysedienst. Der Zweck besteht darin, Berichte zu erstellen und diese mit anderen von Google angebotenen Diensten zu teilen. Weitere Einzelheiten finden Sie auf der Seite <a href=\"https:\/\/policies.google.com\/technologies\/cookies?hl=de\">https:\/\/policies.google.com\/technologies\/cookies?hl=de<\/a>.\n        <strong>Funktionale Cookies.<\/strong> Diese erm\u00f6glichen es dem Besucher, entsprechend verschiedener gew\u00e4hlter Parameter zu navigieren, um einen personalisierten Service zu erhalten. Mithilfe dieser Cookies ist es beispielsweise m\u00f6glich, die Sprachpr\u00e4ferenz oder f\u00fcr den Kauf ausgew\u00e4hlte Produkte zu speichern. Der Nutzer wird nicht aufgefordert, seine Einwilligung zur Installation von Cookies zu erteilen, wie es die geltenden Vorschriften vorsehen.<\/li>\n      <li><strong>Weitere Cookies.<\/strong> Die anderen Cookies, die wir behandeln werden, werden nur mit der Einwilligung des Besuchers installiert, die beim ersten Zugriff auf die Website erteilt wird. Die Einwilligung kann auf dieser Seite, der \u201eCookie-Richtlinie&#8220; dieser Website, erteilt oder widerrufen werden.\n        <strong>Profiling-Cookies.<\/strong> Diese sind darauf ausgelegt, Nutzerprofile zu erstellen, und k\u00f6nnen verwendet werden, um kommerzielle Mitteilungen gem\u00e4\u00df den w\u00e4hrend der Navigation ge\u00e4u\u00dferten Interessen des Besuchers zu versenden. Nicht alle personenbezogenen Daten des Nutzers werden f\u00fcr das Profiling verwendet. F\u00fcr die Verwendung von Profiling-Cookies muss der Nutzer seine Einwilligung erteilen. Um die Einwilligung zur Cookie-Implementierung zu erteilen oder zu verweigern, sind die Einstellungen auf der Seite \u201eCookie-Richtlinie&#8220; dieser Website zu verwenden. Die Website verwaltet jedoch keine Drittanbieter-Cookies. Der Besucher kann diese \u00fcber die Einstellungen des Webbrowsers verwalten.\n        <strong>Cookies f\u00fcr soziale Netzwerke und andere externe Portale.<\/strong> Dies sind Komponenten, die f\u00fcr Interaktionen mit sozialen Plattformen auf den Seiten der Website n\u00fctzlich sind. Alle an die Website \u00fcbermittelten Informationen unterliegen den von der verwendeten sozialen Plattform festgelegten Datenschutzrichtlinien.\n        Liste der auf unserer Website vorhandenen Cookies:\n        <strong>Facebook<\/strong>: Die soziale Anwendung verwendet Cookies, um dem Besucher Funktionen zur Interaktion mit Beitr\u00e4gen anzubieten. Weitere Einzelheiten finden Sie auf der Seite <a href=\"https:\/\/www.facebook.com\/about\/privacy\">https:\/\/www.facebook.com\/about\/privacy<\/a>\n        <strong>Twitter<\/strong>: Die soziale Anwendung verwendet Cookies, um dem Besucher Freigabefunktionen zu erm\u00f6glichen. Weitere Einzelheiten finden Sie auf der Seite <a href=\"https:\/\/support.twitter.com\/articles\/20170519\">https:\/\/support.twitter.com\/articles\/20170519<\/a> und <a href=\"https:\/\/twitter.com\/privacy?lang=de\">https:\/\/twitter.com\/privacy?lang=de<\/a>\n        <strong>Google+<\/strong>: Die soziale Anwendung verwendet Cookies, um dem Besucher Freigabefunktionen anzubieten. Weitere Einzelheiten finden Sie auf der Seite <a href=\"http:\/\/www.google.com\/policies\/technologies\/cookies\/\">http:\/\/www.google.com\/policies\/technologies\/cookies\/<\/a>\n        <strong>Pinterest<\/strong>: Die soziale Anwendung verwendet Cookies, um dem Besucher Freigabefunktionen anzubieten. Weitere Einzelheiten finden Sie auf der Seite <a href=\"https:\/\/about.pinterest.com\/de\/privacy-policy\">https:\/\/about.pinterest.com\/de\/privacy-policy<\/a>\n        <strong>Remarketing-Cookies.<\/strong> Hierbei handelt es sich um Dienste, die es der Website und den Unternehmen, mit denen sie zusammenarbeitet, erm\u00f6glichen, Informationen auszutauschen, Werbeanzeigen zu verbessern und auf der Grundlage der aus dem Surfverhalten des Nutzers abgeleiteten Interessen anzuzeigen. Dies geschieht durch die Verfolgung der Nutzungsdaten und Cookies des Besuchers. Die daraus resultierenden Daten werden dann an die verschiedenen Unternehmen weitergegeben, mit denen die Website zusammenarbeitet.<\/li>\n    <\/ol>\n  <\/li>\n\n  <li><strong>Wie kann die Cookie-Installation \u00fcberpr\u00fcft werden?<\/strong> Der Nutzer kann seine Cookie-Einstellungen \u00fcber seinen Browser \u00fcberpr\u00fcfen. Mithilfe der ihm zur Verf\u00fcgung stehenden Tools kann der Nutzer die Installation von Drittanbieter-Cookies blockieren. Der Browser erm\u00f6glicht dem Nutzer auch das L\u00f6schen bereits installierter Cookies. Das Deaktivieren bestimmter Cookies k\u00f6nnte jedoch die ordnungsgem\u00e4\u00dfe Nutzung der Website beeintr\u00e4chtigen.\n  Weitere Informationen zur Verwaltung von Cookies \u00fcber den Browser finden Sie auf den folgenden Seiten:\n  <a href=\"https:\/\/support.google.com\/chrome\/answer\/95647?hl=de&amp;p=cpn_cookies\">Google Chrome<\/a>\n  <a href=\"https:\/\/support.mozilla.org\/de\/kb\/cookies-erlauben-und-ablehnen\">Mozilla Firefox<\/a>\n  <a href=\"https:\/\/support.apple.com\/kb\/PH19214?viewlocale=de_DE&amp;locale=de_DE\">Apple Safari<\/a>\n  <a href=\"http:\/\/windows.microsoft.com\/de-de\/windows-vista\/block-or-allow-cookies\">Microsoft Windows Explorer<\/a><\/li>\n\n  <li><strong>Rechtsgrundlagen.<\/strong> Europ\u00e4ische Nutzer der Website sollten sich bewusst sein, dass diese Datenschutzrichtlinie im Hinblick auf die Cookie-Verpflichtungen gem\u00e4\u00df Art. 10 der Richtlinie Nr. 95\/46\/EG, der Richtlinie 2002\/58\/EG und entsprechend der Aktualisierung durch die Richtlinie 2009\/136\/EG ausgearbeitet wurde.<\/li>\n<\/ol>\n\n<\/body>\n<\/html>\t\t\t\t\t\t\t\t<\/div>\n\t\t\t\t<div class=\"elementor-element elementor-element-205526b pmb elementor-widget elementor-widget-text-editor\" data-id=\"205526b\" data-element_type=\"widget\" data-e-type=\"widget\" data-widget_type=\"text-editor.default\">\n\t\t\t\t\t\t\t\t\t<div class= \"cky-audit-table-element\"><\/div>\t\t\t\t\t\t\t\t<\/div>\n\t\t\t\t\t<\/div>\n\t\t\t\t<\/div>\n\t\t\t\t<\/div>\n\t\t","protected":false},"excerpt":{"rendered":"<p>COOKIE POLICY Cookie-Richtlinie &#8211; Deutsch Diese Website www.minerviart.com verwendet Cookies der auf dieser Seite beschriebenen Arten und zu den dort genannten Zwecken. Je nach den verwendeten und aktiven Cookies kann die Website automatisch personenbezogene Daten und technische Daten \u00fcber die Besucher erfassen. Bitte beachten Sie, dass die Erfassung technischer Cookies und analytischer Cookies automatisch erfolgt [&hellip;]<\/p>\n","protected":false},"author":2,"featured_media":0,"parent":0,"menu_order":0,"comment_status":"closed","ping_status":"closed","template":"","meta":{"footnotes":""},"class_list":["post-1570","page","type-page","status-publish","hentry"],"yoast_head":"<!-- This site is optimized with the Yoast SEO plugin v27.1.1 - https:\/\/yoast.com\/product\/yoast-seo-wordpress\/ -->\n<title>Cookie Policy | Minervia Art<\/title>\n<meta name=\"robots\" content=\"index, follow, max-snippet:-1, max-image-preview:large, max-video-preview:-1\" \/>\n<link rel=\"canonical\" href=\"https:\/\/www.minerviart.com\/de\/cookie-policy\/\" \/>\n<meta property=\"og:locale\" content=\"de_DE\" \/>\n<meta property=\"og:type\" content=\"article\" \/>\n<meta property=\"og:title\" content=\"Cookie Policy | Minervia Art\" \/>\n<meta property=\"og:description\" content=\"COOKIE POLICY Cookie-Richtlinie &#8211; Deutsch Diese Website www.minerviart.com verwendet Cookies der auf dieser Seite beschriebenen Arten und zu den dort genannten Zwecken. Je nach den verwendeten und aktiven Cookies kann die Website automatisch personenbezogene Daten und technische Daten \u00fcber die Besucher erfassen. Bitte beachten Sie, dass die Erfassung technischer Cookies und analytischer Cookies automatisch erfolgt [&hellip;]\" \/>\n<meta property=\"og:url\" content=\"https:\/\/www.minerviart.com\/de\/cookie-policy\/\" \/>\n<meta property=\"og:site_name\" content=\"Minervia Art\" \/>\n<meta property=\"article:modified_time\" content=\"2026-03-04T13:21:27+00:00\" \/>\n<meta name=\"twitter:card\" content=\"summary_large_image\" \/>\n<meta name=\"twitter:label1\" content=\"Gesch\u00e4tzte Lesezeit\" \/>\n\t<meta name=\"twitter:data1\" content=\"7\u00a0Minuten\" \/>\n<script type=\"application\/ld+json\" class=\"yoast-schema-graph\">{\"@context\":\"https:\/\/schema.org\",\"@graph\":[{\"@type\":\"WebPage\",\"@id\":\"https:\/\/www.minerviart.com\/de\/cookie-policy\/\",\"url\":\"https:\/\/www.minerviart.com\/de\/cookie-policy\/\",\"name\":\"Cookie Policy | Minervia Art\",\"isPartOf\":{\"@id\":\"https:\/\/www.minerviart.com\/de\/#website\"},\"datePublished\":\"2026-01-08T13:39:31+00:00\",\"dateModified\":\"2026-03-04T13:21:27+00:00\",\"breadcrumb\":{\"@id\":\"https:\/\/www.minerviart.com\/de\/cookie-policy\/#breadcrumb\"},\"inLanguage\":\"de\",\"potentialAction\":[{\"@type\":\"ReadAction\",\"target\":[\"https:\/\/www.minerviart.com\/de\/cookie-policy\/\"]}]},{\"@type\":\"BreadcrumbList\",\"@id\":\"https:\/\/www.minerviart.com\/de\/cookie-policy\/#breadcrumb\",\"itemListElement\":[{\"@type\":\"ListItem\",\"position\":1,\"name\":\"Home\",\"item\":\"https:\/\/www.minerviart.com\/de\/\"},{\"@type\":\"ListItem\",\"position\":2,\"name\":\"Cookie Policy\"}]},{\"@type\":\"WebSite\",\"@id\":\"https:\/\/www.minerviart.com\/de\/#website\",\"url\":\"https:\/\/www.minerviart.com\/de\/\",\"name\":\"Minervia Art\",\"description\":\"\",\"publisher\":{\"@id\":\"https:\/\/www.minerviart.com\/de\/#organization\"},\"potentialAction\":[{\"@type\":\"SearchAction\",\"target\":{\"@type\":\"EntryPoint\",\"urlTemplate\":\"https:\/\/www.minerviart.com\/de\/?s={search_term_string}\"},\"query-input\":{\"@type\":\"PropertyValueSpecification\",\"valueRequired\":true,\"valueName\":\"search_term_string\"}}],\"inLanguage\":\"de\"},{\"@type\":\"Organization\",\"@id\":\"https:\/\/www.minerviart.com\/de\/#organization\",\"name\":\"Minervia Art\",\"url\":\"https:\/\/www.minerviart.com\/de\/\",\"logo\":{\"@type\":\"ImageObject\",\"inLanguage\":\"de\",\"@id\":\"https:\/\/www.minerviart.com\/de\/#\/schema\/logo\/image\/\",\"url\":\"https:\/\/www.minerviart.com\/wp-content\/uploads\/2025\/12\/minerviart.svg\",\"contentUrl\":\"https:\/\/www.minerviart.com\/wp-content\/uploads\/2025\/12\/minerviart.svg\",\"width\":800,\"height\":742,\"caption\":\"Minervia Art\"},\"image\":{\"@id\":\"https:\/\/www.minerviart.com\/de\/#\/schema\/logo\/image\/\"}}]}<\/script>\n<!-- \/ Yoast SEO plugin. -->","yoast_head_json":{"title":"Cookie Policy | Minervia Art","robots":{"index":"index","follow":"follow","max-snippet":"max-snippet:-1","max-image-preview":"max-image-preview:large","max-video-preview":"max-video-preview:-1"},"canonical":"https:\/\/www.minerviart.com\/de\/cookie-policy\/","og_locale":"de_DE","og_type":"article","og_title":"Cookie Policy | Minervia Art","og_description":"COOKIE POLICY Cookie-Richtlinie &#8211; Deutsch Diese Website www.minerviart.com verwendet Cookies der auf dieser Seite beschriebenen Arten und zu den dort genannten Zwecken. Je nach den verwendeten und aktiven Cookies kann die Website automatisch personenbezogene Daten und technische Daten \u00fcber die Besucher erfassen. Bitte beachten Sie, dass die Erfassung technischer Cookies und analytischer Cookies automatisch erfolgt [&hellip;]","og_url":"https:\/\/www.minerviart.com\/de\/cookie-policy\/","og_site_name":"Minervia Art","article_modified_time":"2026-03-04T13:21:27+00:00","twitter_card":"summary_large_image","twitter_misc":{"Gesch\u00e4tzte Lesezeit":"7\u00a0Minuten"},"schema":{"@context":"https:\/\/schema.org","@graph":[{"@type":"WebPage","@id":"https:\/\/www.minerviart.com\/de\/cookie-policy\/","url":"https:\/\/www.minerviart.com\/de\/cookie-policy\/","name":"Cookie Policy | Minervia Art","isPartOf":{"@id":"https:\/\/www.minerviart.com\/de\/#website"},"datePublished":"2026-01-08T13:39:31+00:00","dateModified":"2026-03-04T13:21:27+00:00","breadcrumb":{"@id":"https:\/\/www.minerviart.com\/de\/cookie-policy\/#breadcrumb"},"inLanguage":"de","potentialAction":[{"@type":"ReadAction","target":["https:\/\/www.minerviart.com\/de\/cookie-policy\/"]}]},{"@type":"BreadcrumbList","@id":"https:\/\/www.minerviart.com\/de\/cookie-policy\/#breadcrumb","itemListElement":[{"@type":"ListItem","position":1,"name":"Home","item":"https:\/\/www.minerviart.com\/de\/"},{"@type":"ListItem","position":2,"name":"Cookie Policy"}]},{"@type":"WebSite","@id":"https:\/\/www.minerviart.com\/de\/#website","url":"https:\/\/www.minerviart.com\/de\/","name":"Minervia Art","description":"","publisher":{"@id":"https:\/\/www.minerviart.com\/de\/#organization"},"potentialAction":[{"@type":"SearchAction","target":{"@type":"EntryPoint","urlTemplate":"https:\/\/www.minerviart.com\/de\/?s={search_term_string}"},"query-input":{"@type":"PropertyValueSpecification","valueRequired":true,"valueName":"search_term_string"}}],"inLanguage":"de"},{"@type":"Organization","@id":"https:\/\/www.minerviart.com\/de\/#organization","name":"Minervia Art","url":"https:\/\/www.minerviart.com\/de\/","logo":{"@type":"ImageObject","inLanguage":"de","@id":"https:\/\/www.minerviart.com\/de\/#\/schema\/logo\/image\/","url":"https:\/\/www.minerviart.com\/wp-content\/uploads\/2025\/12\/minerviart.svg","contentUrl":"https:\/\/www.minerviart.com\/wp-content\/uploads\/2025\/12\/minerviart.svg","width":800,"height":742,"caption":"Minervia Art"},"image":{"@id":"https:\/\/www.minerviart.com\/de\/#\/schema\/logo\/image\/"}}]}},"_links":{"self":[{"href":"https:\/\/www.minerviart.com\/de\/wp-json\/wp\/v2\/pages\/1570","targetHints":{"allow":["GET"]}}],"collection":[{"href":"https:\/\/www.minerviart.com\/de\/wp-json\/wp\/v2\/pages"}],"about":[{"href":"https:\/\/www.minerviart.com\/de\/wp-json\/wp\/v2\/types\/page"}],"author":[{"embeddable":true,"href":"https:\/\/www.minerviart.com\/de\/wp-json\/wp\/v2\/users\/2"}],"replies":[{"embeddable":true,"href":"https:\/\/www.minerviart.com\/de\/wp-json\/wp\/v2\/comments?post=1570"}],"version-history":[{"count":3,"href":"https:\/\/www.minerviart.com\/de\/wp-json\/wp\/v2\/pages\/1570\/revisions"}],"predecessor-version":[{"id":1573,"href":"https:\/\/www.minerviart.com\/de\/wp-json\/wp\/v2\/pages\/1570\/revisions\/1573"}],"wp:attachment":[{"href":"https:\/\/www.minerviart.com\/de\/wp-json\/wp\/v2\/media?parent=1570"}],"curies":[{"name":"wp","href":"https:\/\/api.w.org\/{rel}","templated":true}]}}