{"id":1272,"date":"2025-12-19T10:16:16","date_gmt":"2025-12-19T09:16:16","guid":{"rendered":"https:\/\/www.minerviart.com\/contatti\/"},"modified":"2026-03-04T15:20:34","modified_gmt":"2026-03-04T14:20:34","slug":"kontakte","status":"publish","type":"page","link":"https:\/\/www.minerviart.com\/de\/kontakte\/","title":{"rendered":"Contatti &#8211; DE"},"content":{"rendered":"\t\t<div data-elementor-type=\"wp-page\" data-elementor-id=\"1272\" class=\"elementor elementor-1272 elementor-36\" data-elementor-post-type=\"page\">\n\t\t\t\t<section class=\"elementor-element elementor-element-5f38fbf e-flex e-con-boxed e-con e-parent\" data-id=\"5f38fbf\" data-element_type=\"container\" data-e-type=\"container\" data-settings=\"{&quot;background_background&quot;:&quot;classic&quot;}\">\n\t\t\t\t\t<div class=\"e-con-inner\">\n\t\t<div class=\"elementor-element elementor-element-b0b03ec e-con-full e-flex e-con e-child\" data-id=\"b0b03ec\" data-element_type=\"container\" data-e-type=\"container\">\n\t\t\t\t<div class=\"elementor-element elementor-element-68edcb0 elementor-widget elementor-widget-heading\" data-id=\"68edcb0\" data-element_type=\"widget\" data-e-type=\"widget\" data-widget_type=\"heading.default\">\n\t\t\t\t\t<h1 class=\"elementor-heading-title elementor-size-default\">Kontakte<\/h1>\t\t\t\t<\/div>\n\t\t\t\t<div class=\"elementor-element elementor-element-73ab355 elementor-widget elementor-widget-text-editor\" data-id=\"73ab355\" data-element_type=\"widget\" data-e-type=\"widget\" data-widget_type=\"text-editor.default\">\n\t\t\t\t\t\t\t\t\t<p>F\u00fcr Informationen zu Produkten, ma\u00dfgeschneiderten Projekten oder Kooperationen mit MINERVIART <br>stehen folgende Kontaktdaten zur Verf\u00fcgung.<\/p>\t\t\t\t\t\t\t\t<\/div>\n\t\t\t\t<\/div>\n\t\t\t\t\t<\/div>\n\t\t\t\t<\/section>\n\t\t<section class=\"elementor-element elementor-element-bc21471 e-flex e-con-boxed e-con e-parent\" data-id=\"bc21471\" data-element_type=\"container\" data-e-type=\"container\" data-settings=\"{&quot;background_background&quot;:&quot;classic&quot;}\">\n\t\t\t\t\t<div class=\"e-con-inner\">\n\t\t<div class=\"elementor-element elementor-element-dbd42df e-con-full e-flex e-con e-child\" data-id=\"dbd42df\" data-element_type=\"container\" data-e-type=\"container\">\n\t\t<div class=\"elementor-element elementor-element-f847d40 e-con-full e-flex e-con e-child\" data-id=\"f847d40\" data-element_type=\"container\" data-e-type=\"container\">\n\t\t\t\t<div class=\"elementor-element elementor-element-7893a19 elementor-widget elementor-widget-heading\" data-id=\"7893a19\" data-element_type=\"widget\" data-e-type=\"widget\" data-widget_type=\"heading.default\">\n\t\t\t\t\t<h2 class=\"elementor-heading-title elementor-size-default\">Adresse<\/h2>\t\t\t\t<\/div>\n\t\t\t\t<div class=\"elementor-element elementor-element-8dbf2eb elementor-widget elementor-widget-text-editor\" data-id=\"8dbf2eb\" data-element_type=\"widget\" data-e-type=\"widget\" data-widget_type=\"text-editor.default\">\n\t\t\t\t\t\t\t\t\t<p><a href=\"https:\/\/maps.app.goo.gl\/8zAWTtBFb7ZVk2fw6\" target=\"_blank\" rel=\"noopener\">Via Guarino SNC\u2028<br>84030 San Pietro Al Tanagro (SA) \u2013 Italia<\/a><\/p>\t\t\t\t\t\t\t\t<\/div>\n\t\t\t\t<\/div>\n\t\t<div class=\"elementor-element elementor-element-c4490ea e-con-full e-flex e-con e-child\" data-id=\"c4490ea\" data-element_type=\"container\" data-e-type=\"container\">\n\t\t\t\t<div class=\"elementor-element elementor-element-df588d2 elementor-widget elementor-widget-heading\" data-id=\"df588d2\" data-element_type=\"widget\" data-e-type=\"widget\" data-widget_type=\"heading.default\">\n\t\t\t\t\t<h2 class=\"elementor-heading-title elementor-size-default\">Kontaktinformationen<\/h2>\t\t\t\t<\/div>\n\t\t\t\t<div class=\"elementor-element elementor-element-e2dfedf text-bold-giallo elementor-widget elementor-widget-text-editor\" data-id=\"e2dfedf\" data-element_type=\"widget\" data-e-type=\"widget\" data-widget_type=\"text-editor.default\">\n\t\t\t\t\t\t\t\t\tTelefon <a href=\"tel:0975%20396319\"><strong><span style=\"text-decoration: underline;\">0975 396319<\/span><\/strong><\/a>\t\t\t\t\t\t\t\t<\/div>\n\t\t\t\t<div class=\"elementor-element elementor-element-df69d3b text-bold-giallo elementor-widget elementor-widget-text-editor\" data-id=\"df69d3b\" data-element_type=\"widget\" data-e-type=\"widget\" data-widget_type=\"text-editor.default\">\n\t\t\t\t\t\t\t\t\t<p>WhatsApp <a href=\"http:\/\/wa.me\/+393398583616\" target=\"_blank\" rel=\"noopener\"><strong>+<span style=\"text-decoration: underline;\">39 339 858 3616<\/span><\/strong><\/a><\/p>\t\t\t\t\t\t\t\t<\/div>\n\t\t\t\t<\/div>\n\t\t<div class=\"elementor-element elementor-element-da1e40b e-con-full e-flex e-con e-child\" data-id=\"da1e40b\" data-element_type=\"container\" data-e-type=\"container\">\n\t\t\t\t<div class=\"elementor-element elementor-element-c70bbd6 elementor-widget elementor-widget-heading\" data-id=\"c70bbd6\" data-element_type=\"widget\" data-e-type=\"widget\" data-widget_type=\"heading.default\">\n\t\t\t\t\t<h2 class=\"elementor-heading-title elementor-size-default\">Anfahrt<\/h2>\t\t\t\t<\/div>\n\t\t\t\t<div class=\"elementor-element elementor-element-c275f1b text-bold-giallo elementor-widget elementor-widget-text-editor\" data-id=\"c275f1b\" data-element_type=\"widget\" data-e-type=\"widget\" data-widget_type=\"text-editor.default\">\n\t\t\t\t\t\t\t\t\t<p>F\u00fcr den Eingang verwenden Sie bitte diesen Verweis auf Google Maps:<\/p>\t\t\t\t\t\t\t\t<\/div>\n\t\t\t\t<div class=\"elementor-element elementor-element-0b765c1 text-bold-giallo elementor-widget elementor-widget-text-editor\" data-id=\"0b765c1\" data-element_type=\"widget\" data-e-type=\"widget\" data-widget_type=\"text-editor.default\">\n\t\t\t\t\t\t\t\t\t<p><a href=\"https:\/\/maps.app.goo.gl\/d9CP7TmNQ7MYCJrg8\" target=\"_blank\" rel=\"noopener\"><strong><span style=\"text-decoration: underline;\">maps.app.goo.gl\/5KjLdv5ifRicBYNw8<\/span><\/strong><\/a><\/p>\t\t\t\t\t\t\t\t<\/div>\n\t\t\t\t<\/div>\n\t\t\t\t<\/div>\n\t\t<div class=\"elementor-element elementor-element-e48744a e-con-full e-flex e-con e-child\" data-id=\"e48744a\" data-element_type=\"container\" data-e-type=\"container\">\n\t\t\t\t<div class=\"elementor-element elementor-element-b51cf81 elementor-widget elementor-widget-html\" data-id=\"b51cf81\" data-element_type=\"widget\" data-e-type=\"widget\" data-widget_type=\"html.default\">\n\t\t\t\t\t<iframe src=\"https:\/\/www.google.com\/maps\/embed?pb=!1m18!1m12!1m3!1d1555.430019917442!2d15.492647195445707!3d40.457686739289485!2m3!1f0!2f0!3f0!3m2!1i1024!2i768!4f13.1!3m3!1m2!1s0x1339397e2e24f9c5%3A0xd724489a773ddee7!2sOfficina%20Stabile%20Antonio%20Di%20Stabile%20Nicola!5e1!3m2!1sit!2sit!4v1768234735295!5m2!1sit!2sit\" width=\"600\" height=\"580\" style=\"border:0;\" allowfullscreen=\"\" loading=\"lazy\" referrerpolicy=\"no-referrer-when-downgrade\"><\/iframe>\t\t\t\t<\/div>\n\t\t\t\t<\/div>\n\t\t\t\t\t<\/div>\n\t\t\t\t<\/section>\n\t\t\t\t<\/div>\n\t\t","protected":false},"excerpt":{"rendered":"<p>Kontakte F\u00fcr Informationen zu Produkten, ma\u00dfgeschneiderten Projekten oder Kooperationen mit MINERVIART stehen folgende Kontaktdaten zur Verf\u00fcgung. Adresse Via Guarino SNC\u202884030 San Pietro Al Tanagro (SA) \u2013 Italia Kontaktinformationen Telefon 0975 396319 WhatsApp +39 339 858 3616 Anfahrt F\u00fcr den Eingang verwenden Sie bitte diesen Verweis auf Google Maps: maps.app.goo.gl\/5KjLdv5ifRicBYNw8<\/p>\n","protected":false},"author":2,"featured_media":0,"parent":0,"menu_order":0,"comment_status":"closed","ping_status":"closed","template":"","meta":{"footnotes":""},"class_list":["post-1272","page","type-page","status-publish","hentry"],"yoast_head":"<!-- This site is optimized with the Yoast SEO plugin v27.1.1 - https:\/\/yoast.com\/product\/yoast-seo-wordpress\/ -->\n<title>Kontakte | Minervia Art<\/title>\n<meta name=\"description\" content=\"Kontaktieren Sie Minerva Art f\u00fcr Angebote, individuelle Anpassungen und Kooperationen.F\u00fcllen Sie das Formular aus oder schreiben Sie uns per WhatsApp.\" \/>\n<meta name=\"robots\" content=\"index, follow, max-snippet:-1, max-image-preview:large, max-video-preview:-1\" \/>\n<link rel=\"canonical\" href=\"https:\/\/www.minerviart.com\/de\/kontakte\/\" \/>\n<meta property=\"og:locale\" content=\"de_DE\" \/>\n<meta property=\"og:type\" content=\"article\" \/>\n<meta property=\"og:title\" content=\"Kontakte | Minervia Art\" \/>\n<meta property=\"og:description\" content=\"Kontaktieren Sie Minerva Art f\u00fcr Angebote, individuelle Anpassungen und Kooperationen.F\u00fcllen Sie das Formular aus oder schreiben Sie uns per WhatsApp.\" \/>\n<meta property=\"og:url\" content=\"https:\/\/www.minerviart.com\/de\/kontakte\/\" \/>\n<meta property=\"og:site_name\" content=\"Minervia Art\" \/>\n<meta property=\"article:modified_time\" content=\"2026-03-04T14:20:34+00:00\" \/>\n<meta name=\"twitter:card\" content=\"summary_large_image\" \/>\n<meta name=\"twitter:label1\" content=\"Gesch\u00e4tzte Lesezeit\" \/>\n\t<meta name=\"twitter:data1\" content=\"1\u00a0Minute\" \/>\n<script type=\"application\/ld+json\" class=\"yoast-schema-graph\">{\"@context\":\"https:\/\/schema.org\",\"@graph\":[{\"@type\":\"WebPage\",\"@id\":\"https:\/\/www.minerviart.com\/de\/kontakte\/\",\"url\":\"https:\/\/www.minerviart.com\/de\/kontakte\/\",\"name\":\"Kontakte | Minervia Art\",\"isPartOf\":{\"@id\":\"https:\/\/www.minerviart.com\/de\/#website\"},\"datePublished\":\"2025-12-19T09:16:16+00:00\",\"dateModified\":\"2026-03-04T14:20:34+00:00\",\"description\":\"Kontaktieren Sie Minerva Art f\u00fcr Angebote, individuelle Anpassungen und Kooperationen.F\u00fcllen Sie das Formular aus oder schreiben Sie uns per WhatsApp.\",\"breadcrumb\":{\"@id\":\"https:\/\/www.minerviart.com\/de\/kontakte\/#breadcrumb\"},\"inLanguage\":\"de\",\"potentialAction\":[{\"@type\":\"ReadAction\",\"target\":[\"https:\/\/www.minerviart.com\/de\/kontakte\/\"]}]},{\"@type\":\"BreadcrumbList\",\"@id\":\"https:\/\/www.minerviart.com\/de\/kontakte\/#breadcrumb\",\"itemListElement\":[{\"@type\":\"ListItem\",\"position\":1,\"name\":\"Home\",\"item\":\"https:\/\/www.minerviart.com\/de\/\"},{\"@type\":\"ListItem\",\"position\":2,\"name\":\"Contatti &#8211; DE\"}]},{\"@type\":\"WebSite\",\"@id\":\"https:\/\/www.minerviart.com\/de\/#website\",\"url\":\"https:\/\/www.minerviart.com\/de\/\",\"name\":\"Minervia Art\",\"description\":\"\",\"publisher\":{\"@id\":\"https:\/\/www.minerviart.com\/de\/#organization\"},\"potentialAction\":[{\"@type\":\"SearchAction\",\"target\":{\"@type\":\"EntryPoint\",\"urlTemplate\":\"https:\/\/www.minerviart.com\/de\/?s={search_term_string}\"},\"query-input\":{\"@type\":\"PropertyValueSpecification\",\"valueRequired\":true,\"valueName\":\"search_term_string\"}}],\"inLanguage\":\"de\"},{\"@type\":\"Organization\",\"@id\":\"https:\/\/www.minerviart.com\/de\/#organization\",\"name\":\"Minervia Art\",\"url\":\"https:\/\/www.minerviart.com\/de\/\",\"logo\":{\"@type\":\"ImageObject\",\"inLanguage\":\"de\",\"@id\":\"https:\/\/www.minerviart.com\/de\/#\/schema\/logo\/image\/\",\"url\":\"https:\/\/www.minerviart.com\/wp-content\/uploads\/2025\/12\/minerviart.svg\",\"contentUrl\":\"https:\/\/www.minerviart.com\/wp-content\/uploads\/2025\/12\/minerviart.svg\",\"width\":800,\"height\":742,\"caption\":\"Minervia Art\"},\"image\":{\"@id\":\"https:\/\/www.minerviart.com\/de\/#\/schema\/logo\/image\/\"}}]}<\/script>\n<!-- \/ Yoast SEO plugin. -->","yoast_head_json":{"title":"Kontakte | Minervia Art","description":"Kontaktieren Sie Minerva Art f\u00fcr Angebote, individuelle Anpassungen und Kooperationen.F\u00fcllen Sie das Formular aus oder schreiben Sie uns per WhatsApp.","robots":{"index":"index","follow":"follow","max-snippet":"max-snippet:-1","max-image-preview":"max-image-preview:large","max-video-preview":"max-video-preview:-1"},"canonical":"https:\/\/www.minerviart.com\/de\/kontakte\/","og_locale":"de_DE","og_type":"article","og_title":"Kontakte | Minervia Art","og_description":"Kontaktieren Sie Minerva Art f\u00fcr Angebote, individuelle Anpassungen und Kooperationen.F\u00fcllen Sie das Formular aus oder schreiben Sie uns per WhatsApp.","og_url":"https:\/\/www.minerviart.com\/de\/kontakte\/","og_site_name":"Minervia Art","article_modified_time":"2026-03-04T14:20:34+00:00","twitter_card":"summary_large_image","twitter_misc":{"Gesch\u00e4tzte Lesezeit":"1\u00a0Minute"},"schema":{"@context":"https:\/\/schema.org","@graph":[{"@type":"WebPage","@id":"https:\/\/www.minerviart.com\/de\/kontakte\/","url":"https:\/\/www.minerviart.com\/de\/kontakte\/","name":"Kontakte | Minervia Art","isPartOf":{"@id":"https:\/\/www.minerviart.com\/de\/#website"},"datePublished":"2025-12-19T09:16:16+00:00","dateModified":"2026-03-04T14:20:34+00:00","description":"Kontaktieren Sie Minerva Art f\u00fcr Angebote, individuelle Anpassungen und Kooperationen.F\u00fcllen Sie das Formular aus oder schreiben Sie uns per WhatsApp.","breadcrumb":{"@id":"https:\/\/www.minerviart.com\/de\/kontakte\/#breadcrumb"},"inLanguage":"de","potentialAction":[{"@type":"ReadAction","target":["https:\/\/www.minerviart.com\/de\/kontakte\/"]}]},{"@type":"BreadcrumbList","@id":"https:\/\/www.minerviart.com\/de\/kontakte\/#breadcrumb","itemListElement":[{"@type":"ListItem","position":1,"name":"Home","item":"https:\/\/www.minerviart.com\/de\/"},{"@type":"ListItem","position":2,"name":"Contatti &#8211; DE"}]},{"@type":"WebSite","@id":"https:\/\/www.minerviart.com\/de\/#website","url":"https:\/\/www.minerviart.com\/de\/","name":"Minervia Art","description":"","publisher":{"@id":"https:\/\/www.minerviart.com\/de\/#organization"},"potentialAction":[{"@type":"SearchAction","target":{"@type":"EntryPoint","urlTemplate":"https:\/\/www.minerviart.com\/de\/?s={search_term_string}"},"query-input":{"@type":"PropertyValueSpecification","valueRequired":true,"valueName":"search_term_string"}}],"inLanguage":"de"},{"@type":"Organization","@id":"https:\/\/www.minerviart.com\/de\/#organization","name":"Minervia Art","url":"https:\/\/www.minerviart.com\/de\/","logo":{"@type":"ImageObject","inLanguage":"de","@id":"https:\/\/www.minerviart.com\/de\/#\/schema\/logo\/image\/","url":"https:\/\/www.minerviart.com\/wp-content\/uploads\/2025\/12\/minerviart.svg","contentUrl":"https:\/\/www.minerviart.com\/wp-content\/uploads\/2025\/12\/minerviart.svg","width":800,"height":742,"caption":"Minervia Art"},"image":{"@id":"https:\/\/www.minerviart.com\/de\/#\/schema\/logo\/image\/"}}]}},"_links":{"self":[{"href":"https:\/\/www.minerviart.com\/de\/wp-json\/wp\/v2\/pages\/1272","targetHints":{"allow":["GET"]}}],"collection":[{"href":"https:\/\/www.minerviart.com\/de\/wp-json\/wp\/v2\/pages"}],"about":[{"href":"https:\/\/www.minerviart.com\/de\/wp-json\/wp\/v2\/types\/page"}],"author":[{"embeddable":true,"href":"https:\/\/www.minerviart.com\/de\/wp-json\/wp\/v2\/users\/2"}],"replies":[{"embeddable":true,"href":"https:\/\/www.minerviart.com\/de\/wp-json\/wp\/v2\/comments?post=1272"}],"version-history":[{"count":2,"href":"https:\/\/www.minerviart.com\/de\/wp-json\/wp\/v2\/pages\/1272\/revisions"}],"predecessor-version":[{"id":1281,"href":"https:\/\/www.minerviart.com\/de\/wp-json\/wp\/v2\/pages\/1272\/revisions\/1281"}],"wp:attachment":[{"href":"https:\/\/www.minerviart.com\/de\/wp-json\/wp\/v2\/media?parent=1272"}],"curies":[{"name":"wp","href":"https:\/\/api.w.org\/{rel}","templated":true}]}}