{"id":1075,"date":"2025-12-19T09:43:34","date_gmt":"2025-12-19T08:43:34","guid":{"rendered":"https:\/\/www.minerviart.com\/elementor-8\/"},"modified":"2026-03-04T12:54:14","modified_gmt":"2026-03-04T11:54:14","slug":"elementor-8","status":"publish","type":"page","link":"https:\/\/www.minerviart.com\/de\/","title":{"rendered":"Homepage"},"content":{"rendered":"\t\t<div data-elementor-type=\"wp-post\" data-elementor-id=\"1075\" class=\"elementor elementor-1075 elementor-8\" data-elementor-post-type=\"page\">\n\t\t\t\t<section class=\"elementor-element elementor-element-2e59f1d e-flex e-con-boxed e-con e-parent\" data-id=\"2e59f1d\" data-element_type=\"container\" data-e-type=\"container\" data-settings=\"{&quot;background_background&quot;:&quot;classic&quot;}\">\n\t\t\t\t\t<div class=\"e-con-inner\">\n\t\t<div class=\"elementor-element elementor-element-0a823b8 e-con-full e-flex e-con e-child\" data-id=\"0a823b8\" data-element_type=\"container\" data-e-type=\"container\">\n\t\t\t\t<div class=\"elementor-element elementor-element-cbbaa7f elementor-widget elementor-widget-heading\" data-id=\"cbbaa7f\" data-element_type=\"widget\" data-e-type=\"widget\" data-widget_type=\"heading.default\">\n\t\t\t\t\t<h1 class=\"elementor-heading-title elementor-size-default\">Metall, Form, Licht.<\/h1>\t\t\t\t<\/div>\n\t\t\t\t<div class=\"elementor-element elementor-element-17c6e29 elementor-widget elementor-widget-heading\" data-id=\"17c6e29\" data-element_type=\"widget\" data-e-type=\"widget\" data-widget_type=\"heading.default\">\n\t\t\t\t\t<h2 class=\"elementor-heading-title elementor-size-default\">Jede Kreation von MINERVIART ist ein Designobjekt.<\/h2>\t\t\t\t<\/div>\n\t\t\t\t<div class=\"elementor-element elementor-element-fee6ef1 elementor-widget elementor-widget-text-editor\" data-id=\"fee6ef1\" data-element_type=\"widget\" data-e-type=\"widget\" data-widget_type=\"text-editor.default\">\n\t\t\t\t\t\t\t\t\tEntdecke die Verbindung von zeitgen\u00f6ssischem Handwerk und metallischer Technologie, bei der jedes Detail darauf ausgelegt ist, R\u00e4ume und Tische in einzigartige Erlebnisse zu verwandeln.\t\t\t\t\t\t\t\t<\/div>\n\t\t\t\t<\/div>\n\t\t<div class=\"elementor-element elementor-element-a966978 e-con-full e-flex e-con e-child\" data-id=\"a966978\" data-element_type=\"container\" data-e-type=\"container\">\n\t\t\t\t<\/div>\n\t\t\t\t\t<\/div>\n\t\t\t\t<\/section>\n\t\t<div class=\"elementor-element elementor-element-b366771 e-flex e-con-boxed e-con e-parent\" data-id=\"b366771\" data-element_type=\"container\" data-e-type=\"container\" data-settings=\"{&quot;background_background&quot;:&quot;classic&quot;}\">\n\t\t\t\t\t<div class=\"e-con-inner\">\n\t\t<div class=\"elementor-element elementor-element-b53536d e-con-full e-flex e-con e-child\" data-id=\"b53536d\" data-element_type=\"container\" data-e-type=\"container\">\n\t\t\t\t<div class=\"elementor-element elementor-element-318db84 elementor-widget elementor-widget-heading\" data-id=\"318db84\" data-element_type=\"widget\" data-e-type=\"widget\" data-widget_type=\"heading.default\">\n\t\t\t\t\t<h2 class=\"elementor-heading-title elementor-size-default\">Metallobjekte f\u00fcr Tisch und Raum<\/h2>\t\t\t\t<\/div>\n\t\t\t\t<div class=\"elementor-element elementor-element-804ac6a elementor-widget elementor-widget-text-editor\" data-id=\"804ac6a\" data-element_type=\"widget\" data-e-type=\"widget\" data-widget_type=\"text-editor.default\">\n\t\t\t\t\t\t\t\t\t<p>Besteckhalter, Platzteller, QR-Codes, Tischnummern und Wohnaccessoires: <br \/>eine Kollektion aus Details in Metall, die Funktionalit\u00e4t und Design vereint.<\/p>\t\t\t\t\t\t\t\t<\/div>\n\t\t\t\t<\/div>\n\t\t<div class=\"elementor-element elementor-element-914780b e-con-full e-flex e-con e-child\" data-id=\"914780b\" data-element_type=\"container\" data-e-type=\"container\">\n\t\t<a class=\"elementor-element elementor-element-08d2cb8 e-con-full box-griglia-prodotti-homepage e-flex e-con e-child\" data-id=\"08d2cb8\" data-element_type=\"container\" data-e-type=\"container\" href=\"https:\/\/www.minerviart.com\/poggiaposate\/\">\n\t\t\t\t<div class=\"elementor-element elementor-element-3fef856 img elementor-widget elementor-widget-image\" data-id=\"3fef856\" data-element_type=\"widget\" data-e-type=\"widget\" data-widget_type=\"image.default\">\n\t\t\t\t\t\t\t\t\t\t\t\t\t\t\t<img fetchpriority=\"high\" decoding=\"async\" width=\"360\" height=\"400\" src=\"https:\/\/www.minerviart.com\/wp-content\/uploads\/2025\/12\/poggiaposate.webp\" class=\"attachment-full size-full wp-image-1086\" alt=\"\" srcset=\"https:\/\/www.minerviart.com\/wp-content\/uploads\/2025\/12\/poggiaposate.webp 360w, https:\/\/www.minerviart.com\/wp-content\/uploads\/2025\/12\/poggiaposate-270x300.webp 270w\" sizes=\"(max-width: 360px) 100vw, 360px\" \/>\t\t\t\t\t\t\t\t\t\t\t\t\t\t\t<\/div>\n\t\t\t\t<div class=\"elementor-element elementor-element-1697061 title elementor-widget elementor-widget-heading\" data-id=\"1697061\" data-element_type=\"widget\" data-e-type=\"widget\" data-widget_type=\"heading.default\">\n\t\t\t\t\t<h3 class=\"elementor-heading-title elementor-size-default\">Besteckhalter<\/h3>\t\t\t\t<\/div>\n\t\t\t\t<div class=\"elementor-element elementor-element-8f675e8 description elementor-widget elementor-widget-text-editor\" data-id=\"8f675e8\" data-element_type=\"widget\" data-e-type=\"widget\" data-widget_type=\"text-editor.default\">\n\t\t\t\t\t\t\t\t\t<p>Eleganz und Funktionalit\u00e4t <br \/>auf dem Tisch<\/p>\t\t\t\t\t\t\t\t<\/div>\n\t\t\t\t<\/a>\n\t\t<a class=\"elementor-element elementor-element-0fe7840 e-con-full box-griglia-prodotti-homepage e-flex e-con e-child\" data-id=\"0fe7840\" data-element_type=\"container\" data-e-type=\"container\" href=\"https:\/\/www.minerviart.com\/insegne-metallo\/\">\n\t\t\t\t<div class=\"elementor-element elementor-element-2fa6aef img elementor-widget elementor-widget-image\" data-id=\"2fa6aef\" data-element_type=\"widget\" data-e-type=\"widget\" data-widget_type=\"image.default\">\n\t\t\t\t\t\t\t\t\t\t\t\t\t\t\t<img decoding=\"async\" width=\"360\" height=\"400\" src=\"https:\/\/www.minerviart.com\/wp-content\/uploads\/2025\/12\/img-home-prodotto-02.webp\" class=\"attachment-full size-full wp-image-1087\" alt=\"\" srcset=\"https:\/\/www.minerviart.com\/wp-content\/uploads\/2025\/12\/img-home-prodotto-02.webp 360w, https:\/\/www.minerviart.com\/wp-content\/uploads\/2025\/12\/img-home-prodotto-02-270x300.webp 270w\" sizes=\"(max-width: 360px) 100vw, 360px\" \/>\t\t\t\t\t\t\t\t\t\t\t\t\t\t\t<\/div>\n\t\t\t\t<div class=\"elementor-element elementor-element-4c321cd title elementor-widget elementor-widget-heading\" data-id=\"4c321cd\" data-element_type=\"widget\" data-e-type=\"widget\" data-widget_type=\"heading.default\">\n\t\t\t\t\t<h3 class=\"elementor-heading-title elementor-size-default\">Metallbeschilderungen<\/h3>\t\t\t\t<\/div>\n\t\t\t\t<div class=\"elementor-element elementor-element-c50f754 description elementor-widget elementor-widget-text-editor\" data-id=\"c50f754\" data-element_type=\"widget\" data-e-type=\"widget\" data-widget_type=\"text-editor.default\">\n\t\t\t\t\t\t\t\t\t<p>Hochwertige visuelle<br \/>Kommunikation<\/p>\t\t\t\t\t\t\t\t<\/div>\n\t\t\t\t<\/a>\n\t\t<a class=\"elementor-element elementor-element-30fb03f e-con-full box-griglia-prodotti-homepage e-flex e-con e-child\" data-id=\"30fb03f\" data-element_type=\"container\" data-e-type=\"container\" href=\"https:\/\/www.minerviart.com\/portachiavi\/\">\n\t\t\t\t<div class=\"elementor-element elementor-element-fcf2a78 img elementor-widget elementor-widget-image\" data-id=\"fcf2a78\" data-element_type=\"widget\" data-e-type=\"widget\" data-widget_type=\"image.default\">\n\t\t\t\t\t\t\t\t\t\t\t\t\t\t\t<img decoding=\"async\" width=\"360\" height=\"400\" src=\"https:\/\/www.minerviart.com\/wp-content\/uploads\/2025\/12\/img-home-prodotto-03.webp\" class=\"attachment-full size-full wp-image-1088\" alt=\"\" srcset=\"https:\/\/www.minerviart.com\/wp-content\/uploads\/2025\/12\/img-home-prodotto-03.webp 360w, https:\/\/www.minerviart.com\/wp-content\/uploads\/2025\/12\/img-home-prodotto-03-270x300.webp 270w\" sizes=\"(max-width: 360px) 100vw, 360px\" \/>\t\t\t\t\t\t\t\t\t\t\t\t\t\t\t<\/div>\n\t\t\t\t<div class=\"elementor-element elementor-element-d25f7a3 title elementor-widget elementor-widget-heading\" data-id=\"d25f7a3\" data-element_type=\"widget\" data-e-type=\"widget\" data-widget_type=\"heading.default\">\n\t\t\t\t\t<h3 class=\"elementor-heading-title elementor-size-default\">Schl\u00fcsselanh\u00e4nger<\/h3>\t\t\t\t<\/div>\n\t\t\t\t<div class=\"elementor-element elementor-element-a8cd9b0 description elementor-widget elementor-widget-text-editor\" data-id=\"a8cd9b0\" data-element_type=\"widget\" data-e-type=\"widget\" data-widget_type=\"text-editor.default\">\n\t\t\t\t\t\t\t\t\t<p>Accessoires, skulptural <br \/>neu interpretiert<\/p>\t\t\t\t\t\t\t\t<\/div>\n\t\t\t\t<\/a>\n\t\t\t\t<\/div>\n\t\t\t\t\t<\/div>\n\t\t\t\t<\/div>\n\t\t<div class=\"elementor-element elementor-element-9c50ab2 e-flex e-con-boxed e-con e-parent\" data-id=\"9c50ab2\" data-element_type=\"container\" data-e-type=\"container\" data-settings=\"{&quot;background_background&quot;:&quot;classic&quot;}\">\n\t\t\t\t\t<div class=\"e-con-inner\">\n\t\t<div class=\"elementor-element elementor-element-829f8a4 e-con-full e-flex e-con e-child\" data-id=\"829f8a4\" data-element_type=\"container\" data-e-type=\"container\">\n\t\t\t\t<div class=\"elementor-element elementor-element-4644112 elementor-widget elementor-widget-heading\" data-id=\"4644112\" data-element_type=\"widget\" data-e-type=\"widget\" data-widget_type=\"heading.default\">\n\t\t\t\t\t<h2 class=\"elementor-heading-title elementor-size-default\">Identit\u00e4t und Vision<\/h2>\t\t\t\t<\/div>\n\t\t\t\t<div class=\"elementor-element elementor-element-4a2e444 text-bold-giallo elementor-widget elementor-widget-text-editor\" data-id=\"4a2e444\" data-element_type=\"widget\" data-e-type=\"widget\" data-widget_type=\"text-editor.default\">\n\t\t\t\t\t\t\t\t\t<p><strong>MINERVIART<\/strong> entsteht aus \u00fcber zehn Jahren Erfahrung an der Schnittstelle von Stahlindustrie und Fashion Design und bringt Kreationen hervor, die Crafted in <strong>Italy<\/strong> sind.<\/p>\t\t\t\t\t\t\t\t<\/div>\n\t\t\t\t<div class=\"elementor-element elementor-element-fe41d6d text-bold-giallo elementor-widget elementor-widget-text-editor\" data-id=\"fe41d6d\" data-element_type=\"widget\" data-e-type=\"widget\" data-widget_type=\"text-editor.default\">\n\t\t\t\t\t\t\t\t\t<p>Jedes St\u00fcck ist ein Unikat: von Hand entworfen, auf Bestellung gefertigt und vollst\u00e4ndig personalisierbar \u2013 dank eines Labors, das metallische 3D-Drucktechniken und hochwertige Veredelungen auf Materialien wie Stahl, Messing, Gold und anderen Metallen einsetzt.<\/p>\t\t\t\t\t\t\t\t<\/div>\n\t\t\t\t<\/div>\n\t\t\t\t<div class=\"elementor-element elementor-element-0cfa0fb button-minerva elementor-widget elementor-widget-button\" data-id=\"0cfa0fb\" data-element_type=\"widget\" data-e-type=\"widget\" data-widget_type=\"button.default\">\n\t\t\t\t\t\t\t\t\t\t<a class=\"elementor-button elementor-button-link elementor-size-sm\" href=\"https:\/\/www.minerviart.com\/de\/angebot\/\">\n\t\t\t\t\t\t<span class=\"elementor-button-content-wrapper\">\n\t\t\t\t\t\t\t\t\t<span class=\"elementor-button-text\">Frage nach einem Angebot<\/span>\n\t\t\t\t\t<\/span>\n\t\t\t\t\t<\/a>\n\t\t\t\t\t\t\t\t<\/div>\n\t\t\t\t\t<\/div>\n\t\t\t\t<\/div>\n\t\t<div class=\"elementor-element elementor-element-c23205a e-flex e-con-boxed e-con e-parent\" data-id=\"c23205a\" data-element_type=\"container\" data-e-type=\"container\" data-settings=\"{&quot;background_background&quot;:&quot;classic&quot;}\">\n\t\t\t\t\t<div class=\"e-con-inner\">\n\t\t<div class=\"elementor-element elementor-element-c2b6944 e-con-full e-flex e-con e-child\" data-id=\"c2b6944\" data-element_type=\"container\" data-e-type=\"container\">\n\t\t\t\t<div class=\"elementor-element elementor-element-e103cab elementor-widget elementor-widget-heading\" data-id=\"e103cab\" data-element_type=\"widget\" data-e-type=\"widget\" data-widget_type=\"heading.default\">\n\t\t\t\t\t<h2 class=\"elementor-heading-title elementor-size-default\">Vom Entwurf zur Materie<\/h2>\t\t\t\t<\/div>\n\t\t\t\t<div class=\"elementor-element elementor-element-3f8e8dc elementor-widget elementor-widget-heading\" data-id=\"3f8e8dc\" data-element_type=\"widget\" data-e-type=\"widget\" data-widget_type=\"heading.default\">\n\t\t\t\t\t<h5 class=\"elementor-heading-title elementor-size-default\">Methoden, Entscheidungen und Personalisierungen, die jedes Objekt zu etwas Einzigartigem machen.<\/h5>\t\t\t\t<\/div>\n\t\t\t\t<\/div>\n\t\t<div class=\"elementor-element elementor-element-8bdb7b1 e-con-full e-flex e-con e-child\" data-id=\"8bdb7b1\" data-element_type=\"container\" data-e-type=\"container\">\n\t\t<div class=\"elementor-element elementor-element-61552e3 e-con-full box-griglia-prodotti-homepage-2 e-flex e-con e-child\" data-id=\"61552e3\" data-element_type=\"container\" data-e-type=\"container\">\n\t\t\t\t<div class=\"elementor-element elementor-element-a44a81b img elementor-widget elementor-widget-image\" data-id=\"a44a81b\" data-element_type=\"widget\" data-e-type=\"widget\" data-widget_type=\"image.default\">\n\t\t\t\t\t\t\t\t\t\t\t\t\t\t\t<img loading=\"lazy\" decoding=\"async\" width=\"540\" height=\"400\" src=\"https:\/\/www.minerviart.com\/wp-content\/uploads\/2025\/12\/img-home-progetto-01.webp\" class=\"attachment-full size-full wp-image-1091\" alt=\"\" srcset=\"https:\/\/www.minerviart.com\/wp-content\/uploads\/2025\/12\/img-home-progetto-01.webp 540w, https:\/\/www.minerviart.com\/wp-content\/uploads\/2025\/12\/img-home-progetto-01-300x222.webp 300w\" sizes=\"(max-width: 540px) 100vw, 540px\" \/>\t\t\t\t\t\t\t\t\t\t\t\t\t\t\t<\/div>\n\t\t\t\t<div class=\"elementor-element elementor-element-f5e65d6 title elementor-widget elementor-widget-heading\" data-id=\"f5e65d6\" data-element_type=\"widget\" data-e-type=\"widget\" data-widget_type=\"heading.default\">\n\t\t\t\t\t<h3 class=\"elementor-heading-title elementor-size-default\">Materialien und Technologien<\/h3>\t\t\t\t<\/div>\n\t\t\t\t<div class=\"elementor-element elementor-element-4098c1a description elementor-widget elementor-widget-text-editor\" data-id=\"4098c1a\" data-element_type=\"widget\" data-e-type=\"widget\" data-widget_type=\"text-editor.default\">\n\t\t\t\t\t\t\t\t\t<p><strong style=\"color: var(--gold);\">Minerviart<\/strong> verbindet edle Materialien mit pr\u00e4ziser Verarbeitung: <strong>Laserschneiden, Gravur, 3D-Druck und manuelle Oberfl\u00e4chenveredelung<\/strong>. Jede Kreation ist ein Gleichgewicht aus \u00c4sthetik, Funktionalit\u00e4t und technologischer Innovation.<\/p>\t\t\t\t\t\t\t\t<\/div>\n\t\t\t\t<div class=\"elementor-element elementor-element-c099a14 button-minerva elementor-align-center elementor-widget__width-initial elementor-widget elementor-widget-button\" data-id=\"c099a14\" data-element_type=\"widget\" data-e-type=\"widget\" data-widget_type=\"button.default\">\n\t\t\t\t\t\t\t\t\t\t<a class=\"elementor-button elementor-button-link elementor-size-sm\" href=\"https:\/\/www.minerviart.com\/de\/materialien-und-technologien\/\">\n\t\t\t\t\t\t<span class=\"elementor-button-content-wrapper\">\n\t\t\t\t\t\t\t\t\t<span class=\"elementor-button-text\">Entdecke dein ideales Material<\/span>\n\t\t\t\t\t<\/span>\n\t\t\t\t\t<\/a>\n\t\t\t\t\t\t\t\t<\/div>\n\t\t\t\t<\/div>\n\t\t<div class=\"elementor-element elementor-element-45c3693 e-con-full box-griglia-prodotti-homepage-2 e-flex e-con e-child\" data-id=\"45c3693\" data-element_type=\"container\" data-e-type=\"container\">\n\t\t\t\t<div class=\"elementor-element elementor-element-d902aaa img elementor-widget elementor-widget-image\" data-id=\"d902aaa\" data-element_type=\"widget\" data-e-type=\"widget\" data-widget_type=\"image.default\">\n\t\t\t\t\t\t\t\t\t\t\t\t\t\t\t<img loading=\"lazy\" decoding=\"async\" width=\"540\" height=\"400\" src=\"https:\/\/www.minerviart.com\/wp-content\/uploads\/2025\/12\/img-home-progetto-02.webp\" class=\"attachment-full size-full wp-image-1092\" alt=\"\" srcset=\"https:\/\/www.minerviart.com\/wp-content\/uploads\/2025\/12\/img-home-progetto-02.webp 540w, https:\/\/www.minerviart.com\/wp-content\/uploads\/2025\/12\/img-home-progetto-02-300x222.webp 300w\" sizes=\"(max-width: 540px) 100vw, 540px\" \/>\t\t\t\t\t\t\t\t\t\t\t\t\t\t\t<\/div>\n\t\t\t\t<div class=\"elementor-element elementor-element-5766d39 title elementor-widget elementor-widget-heading\" data-id=\"5766d39\" data-element_type=\"widget\" data-e-type=\"widget\" data-widget_type=\"heading.default\">\n\t\t\t\t\t<h3 class=\"elementor-heading-title elementor-size-default\">Personalisierungen<\/h3>\t\t\t\t<\/div>\n\t\t\t\t<div class=\"elementor-element elementor-element-b6e7c27 description elementor-widget elementor-widget-text-editor\" data-id=\"b6e7c27\" data-element_type=\"widget\" data-e-type=\"widget\" data-widget_type=\"text-editor.default\">\n\t\t\t\t\t\t\t\t\t<p>Von deiner Idee bis zur Umsetzung: Jedes Projekt kann zu einem einzigartigen St\u00fcck werden. Digitale Prototypen, Direktdruck auf Metall, Gravuren und individuell gestaltete Oberfl\u00e4chenstrukturen.<\/p>\t\t\t\t\t\t\t\t<\/div>\n\t\t\t\t<div class=\"elementor-element elementor-element-37f079a button-minerva elementor-align-center elementor-widget__width-initial elementor-widget elementor-widget-button\" data-id=\"37f079a\" data-element_type=\"widget\" data-e-type=\"widget\" data-widget_type=\"button.default\">\n\t\t\t\t\t\t\t\t\t\t<a class=\"elementor-button elementor-button-link elementor-size-sm\" href=\"https:\/\/www.minerviart.com\/de\/personalisierunge-massanfertigungen\/\">\n\t\t\t\t\t\t<span class=\"elementor-button-content-wrapper\">\n\t\t\t\t\t\t\t\t\t<span class=\"elementor-button-text\">Gestalte dein ma\u00dfgefertigtes Objekt<\/span>\n\t\t\t\t\t<\/span>\n\t\t\t\t\t<\/a>\n\t\t\t\t\t\t\t\t<\/div>\n\t\t\t\t<\/div>\n\t\t\t\t<\/div>\n\t\t\t\t\t<\/div>\n\t\t\t\t<\/div>\n\t\t\t\t<\/div>\n\t\t","protected":false},"excerpt":{"rendered":"<p>Metall, Form, Licht. Jede Kreation von MINERVIART ist ein Designobjekt. Entdecke die Verbindung von zeitgen\u00f6ssischem Handwerk und metallischer Technologie, bei der jedes Detail darauf ausgelegt ist, R\u00e4ume und Tische in einzigartige Erlebnisse zu verwandeln. Metallobjekte f\u00fcr Tisch und Raum Besteckhalter, Platzteller, QR-Codes, Tischnummern und Wohnaccessoires: eine Kollektion aus Details in Metall, die Funktionalit\u00e4t und Design [&hellip;]<\/p>\n","protected":false},"author":2,"featured_media":0,"parent":0,"menu_order":0,"comment_status":"closed","ping_status":"closed","template":"","meta":{"footnotes":""},"class_list":["post-1075","page","type-page","status-publish","hentry"],"yoast_head":"<!-- This site is optimized with the Yoast SEO plugin v27.1.1 - https:\/\/yoast.com\/product\/yoast-seo-wordpress\/ -->\n<title>Home | Minervia Art<\/title>\n<meta name=\"description\" content=\"Metalldesign f\u00fcr den Ho.Re.Ca.-Sektor. Elegante und individuelle Accessoires f\u00fcr Restaurants, Hotels und Bistros.\" \/>\n<meta name=\"robots\" content=\"index, follow, max-snippet:-1, max-image-preview:large, max-video-preview:-1\" \/>\n<link rel=\"canonical\" href=\"https:\/\/www.minerviart.com\/de\/\" \/>\n<meta property=\"og:locale\" content=\"de_DE\" \/>\n<meta property=\"og:type\" content=\"article\" \/>\n<meta property=\"og:title\" content=\"Home | Minervia Art\" \/>\n<meta property=\"og:description\" content=\"Metalldesign f\u00fcr den Ho.Re.Ca.-Sektor. Elegante und individuelle Accessoires f\u00fcr Restaurants, Hotels und Bistros.\" \/>\n<meta property=\"og:url\" content=\"https:\/\/www.minerviart.com\/de\/\" \/>\n<meta property=\"og:site_name\" content=\"Minervia Art\" \/>\n<meta property=\"article:modified_time\" content=\"2026-03-04T11:54:14+00:00\" \/>\n<meta property=\"og:image\" content=\"https:\/\/www.minerviart.com\/wp-content\/uploads\/2025\/12\/poggiaposate.webp\" \/>\n<meta name=\"twitter:card\" content=\"summary_large_image\" \/>\n<meta name=\"twitter:label1\" content=\"Gesch\u00e4tzte Lesezeit\" \/>\n\t<meta name=\"twitter:data1\" content=\"2\u00a0Minuten\" \/>\n<script type=\"application\/ld+json\" class=\"yoast-schema-graph\">{\"@context\":\"https:\/\/schema.org\",\"@graph\":[{\"@type\":\"WebPage\",\"@id\":\"https:\/\/www.minerviart.com\/de\/\",\"url\":\"https:\/\/www.minerviart.com\/de\/\",\"name\":\"Home | Minervia Art\",\"isPartOf\":{\"@id\":\"https:\/\/www.minerviart.com\/de\/#website\"},\"primaryImageOfPage\":{\"@id\":\"https:\/\/www.minerviart.com\/de\/#primaryimage\"},\"image\":{\"@id\":\"https:\/\/www.minerviart.com\/de\/#primaryimage\"},\"thumbnailUrl\":\"https:\/\/www.minerviart.com\/wp-content\/uploads\/2025\/12\/poggiaposate.webp\",\"datePublished\":\"2025-12-19T08:43:34+00:00\",\"dateModified\":\"2026-03-04T11:54:14+00:00\",\"description\":\"Metalldesign f\u00fcr den Ho.Re.Ca.-Sektor. Elegante und individuelle Accessoires f\u00fcr Restaurants, Hotels und Bistros.\",\"breadcrumb\":{\"@id\":\"https:\/\/www.minerviart.com\/de\/#breadcrumb\"},\"inLanguage\":\"de\",\"potentialAction\":[{\"@type\":\"ReadAction\",\"target\":[\"https:\/\/www.minerviart.com\/de\/\"]}]},{\"@type\":\"ImageObject\",\"inLanguage\":\"de\",\"@id\":\"https:\/\/www.minerviart.com\/de\/#primaryimage\",\"url\":\"https:\/\/www.minerviart.com\/wp-content\/uploads\/2025\/12\/poggiaposate.webp\",\"contentUrl\":\"https:\/\/www.minerviart.com\/wp-content\/uploads\/2025\/12\/poggiaposate.webp\"},{\"@type\":\"BreadcrumbList\",\"@id\":\"https:\/\/www.minerviart.com\/de\/#breadcrumb\",\"itemListElement\":[{\"@type\":\"ListItem\",\"position\":1,\"name\":\"Home\",\"item\":\"https:\/\/www.minerviart.com\/de\/\"},{\"@type\":\"ListItem\",\"position\":2,\"name\":\"Homepage\"}]},{\"@type\":\"WebSite\",\"@id\":\"https:\/\/www.minerviart.com\/de\/#website\",\"url\":\"https:\/\/www.minerviart.com\/de\/\",\"name\":\"Minervia Art\",\"description\":\"\",\"publisher\":{\"@id\":\"https:\/\/www.minerviart.com\/de\/#organization\"},\"potentialAction\":[{\"@type\":\"SearchAction\",\"target\":{\"@type\":\"EntryPoint\",\"urlTemplate\":\"https:\/\/www.minerviart.com\/de\/?s={search_term_string}\"},\"query-input\":{\"@type\":\"PropertyValueSpecification\",\"valueRequired\":true,\"valueName\":\"search_term_string\"}}],\"inLanguage\":\"de\"},{\"@type\":\"Organization\",\"@id\":\"https:\/\/www.minerviart.com\/de\/#organization\",\"name\":\"Minervia Art\",\"url\":\"https:\/\/www.minerviart.com\/de\/\",\"logo\":{\"@type\":\"ImageObject\",\"inLanguage\":\"de\",\"@id\":\"https:\/\/www.minerviart.com\/de\/#\/schema\/logo\/image\/\",\"url\":\"https:\/\/www.minerviart.com\/wp-content\/uploads\/2025\/12\/minerviart.svg\",\"contentUrl\":\"https:\/\/www.minerviart.com\/wp-content\/uploads\/2025\/12\/minerviart.svg\",\"width\":800,\"height\":742,\"caption\":\"Minervia Art\"},\"image\":{\"@id\":\"https:\/\/www.minerviart.com\/de\/#\/schema\/logo\/image\/\"}}]}<\/script>\n<!-- \/ Yoast SEO plugin. -->","yoast_head_json":{"title":"Home | Minervia Art","description":"Metalldesign f\u00fcr den Ho.Re.Ca.-Sektor. Elegante und individuelle Accessoires f\u00fcr Restaurants, Hotels und Bistros.","robots":{"index":"index","follow":"follow","max-snippet":"max-snippet:-1","max-image-preview":"max-image-preview:large","max-video-preview":"max-video-preview:-1"},"canonical":"https:\/\/www.minerviart.com\/de\/","og_locale":"de_DE","og_type":"article","og_title":"Home | Minervia Art","og_description":"Metalldesign f\u00fcr den Ho.Re.Ca.-Sektor. Elegante und individuelle Accessoires f\u00fcr Restaurants, Hotels und Bistros.","og_url":"https:\/\/www.minerviart.com\/de\/","og_site_name":"Minervia Art","article_modified_time":"2026-03-04T11:54:14+00:00","og_image":[{"url":"https:\/\/www.minerviart.com\/wp-content\/uploads\/2025\/12\/poggiaposate.webp","type":"","width":"","height":""}],"twitter_card":"summary_large_image","twitter_misc":{"Gesch\u00e4tzte Lesezeit":"2\u00a0Minuten"},"schema":{"@context":"https:\/\/schema.org","@graph":[{"@type":"WebPage","@id":"https:\/\/www.minerviart.com\/de\/","url":"https:\/\/www.minerviart.com\/de\/","name":"Home | Minervia Art","isPartOf":{"@id":"https:\/\/www.minerviart.com\/de\/#website"},"primaryImageOfPage":{"@id":"https:\/\/www.minerviart.com\/de\/#primaryimage"},"image":{"@id":"https:\/\/www.minerviart.com\/de\/#primaryimage"},"thumbnailUrl":"https:\/\/www.minerviart.com\/wp-content\/uploads\/2025\/12\/poggiaposate.webp","datePublished":"2025-12-19T08:43:34+00:00","dateModified":"2026-03-04T11:54:14+00:00","description":"Metalldesign f\u00fcr den Ho.Re.Ca.-Sektor. Elegante und individuelle Accessoires f\u00fcr Restaurants, Hotels und Bistros.","breadcrumb":{"@id":"https:\/\/www.minerviart.com\/de\/#breadcrumb"},"inLanguage":"de","potentialAction":[{"@type":"ReadAction","target":["https:\/\/www.minerviart.com\/de\/"]}]},{"@type":"ImageObject","inLanguage":"de","@id":"https:\/\/www.minerviart.com\/de\/#primaryimage","url":"https:\/\/www.minerviart.com\/wp-content\/uploads\/2025\/12\/poggiaposate.webp","contentUrl":"https:\/\/www.minerviart.com\/wp-content\/uploads\/2025\/12\/poggiaposate.webp"},{"@type":"BreadcrumbList","@id":"https:\/\/www.minerviart.com\/de\/#breadcrumb","itemListElement":[{"@type":"ListItem","position":1,"name":"Home","item":"https:\/\/www.minerviart.com\/de\/"},{"@type":"ListItem","position":2,"name":"Homepage"}]},{"@type":"WebSite","@id":"https:\/\/www.minerviart.com\/de\/#website","url":"https:\/\/www.minerviart.com\/de\/","name":"Minervia Art","description":"","publisher":{"@id":"https:\/\/www.minerviart.com\/de\/#organization"},"potentialAction":[{"@type":"SearchAction","target":{"@type":"EntryPoint","urlTemplate":"https:\/\/www.minerviart.com\/de\/?s={search_term_string}"},"query-input":{"@type":"PropertyValueSpecification","valueRequired":true,"valueName":"search_term_string"}}],"inLanguage":"de"},{"@type":"Organization","@id":"https:\/\/www.minerviart.com\/de\/#organization","name":"Minervia Art","url":"https:\/\/www.minerviart.com\/de\/","logo":{"@type":"ImageObject","inLanguage":"de","@id":"https:\/\/www.minerviart.com\/de\/#\/schema\/logo\/image\/","url":"https:\/\/www.minerviart.com\/wp-content\/uploads\/2025\/12\/minerviart.svg","contentUrl":"https:\/\/www.minerviart.com\/wp-content\/uploads\/2025\/12\/minerviart.svg","width":800,"height":742,"caption":"Minervia Art"},"image":{"@id":"https:\/\/www.minerviart.com\/de\/#\/schema\/logo\/image\/"}}]}},"_links":{"self":[{"href":"https:\/\/www.minerviart.com\/de\/wp-json\/wp\/v2\/pages\/1075","targetHints":{"allow":["GET"]}}],"collection":[{"href":"https:\/\/www.minerviart.com\/de\/wp-json\/wp\/v2\/pages"}],"about":[{"href":"https:\/\/www.minerviart.com\/de\/wp-json\/wp\/v2\/types\/page"}],"author":[{"embeddable":true,"href":"https:\/\/www.minerviart.com\/de\/wp-json\/wp\/v2\/users\/2"}],"replies":[{"embeddable":true,"href":"https:\/\/www.minerviart.com\/de\/wp-json\/wp\/v2\/comments?post=1075"}],"version-history":[{"count":7,"href":"https:\/\/www.minerviart.com\/de\/wp-json\/wp\/v2\/pages\/1075\/revisions"}],"predecessor-version":[{"id":1410,"href":"https:\/\/www.minerviart.com\/de\/wp-json\/wp\/v2\/pages\/1075\/revisions\/1410"}],"wp:attachment":[{"href":"https:\/\/www.minerviart.com\/de\/wp-json\/wp\/v2\/media?parent=1075"}],"curies":[{"name":"wp","href":"https:\/\/api.w.org\/{rel}","templated":true}]}}